{"id":1632,"date":"2019-08-18T10:39:30","date_gmt":"2019-08-18T13:39:30","guid":{"rendered":"http:\/\/www.institutopsicanalisebahia.com.br\/lapsus\/?page_id=1632"},"modified":"2020-07-02T20:20:01","modified_gmt":"2020-07-02T23:20:01","slug":"submissao-de-trabalhos","status":"publish","type":"page","link":"https:\/\/www.institutopsicanalisebahia.com.br\/lapsus\/submissao-de-trabalhos\/","title":{"rendered":"Submiss\u00e3o de Trabalhos"},"content":{"rendered":"<p style=\"font-weight: 400;\">Informamos que os trabalhos com constru\u00e7\u00e3o de casos cl\u00ednicos n\u00e3o ser\u00e3o aceitos para publica\u00e7\u00e3o.<\/p>\n<p style=\"font-weight: 400;\">Os trabalhos publicados com assinatura n\u00e3o traduzem necessariamente a opini\u00e3o do Conselho Editorial de\u00a0<strong><em>Lapsus<\/em><\/strong>, sendo de responsabilidade do(a) autor(a).<\/p>\n<div>Todos os manuscritos submetidos ser\u00e3o avaliados e revisados pela Equipe Lapsus, que far\u00e1 contato para poss\u00edveis altera\u00e7\u00f5es.<\/div>\n<p style=\"font-weight: 400;\">Os trabalhos dever\u00e3o ser enviados para o e-mail\u00a0<a href=\"mailto:lapsusipb@gmail.com\">lapsusipb@gmail.com<\/a>.<\/p>\n<p style=\"font-weight: 400;\"><strong>Condi\u00e7\u00f5es para a submiss\u00e3o<\/strong><\/p>\n<ul>\n<li style=\"font-weight: 400;\">A contribui\u00e7\u00e3o \u00e9 original e in\u00e9dita, e n\u00e3o est\u00e1 sendo avaliada para publica\u00e7\u00e3o por outra revista.<\/li>\n<li style=\"font-weight: 400;\">URLs para as refer\u00eancias foram informadas quando poss\u00edvel.<\/li>\n<li style=\"font-weight: 400;\">O texto segue os padr\u00f5es de estilo e requisitos bibliogr\u00e1ficos descritos em Diretrizes para os autores.<\/li>\n<\/ul>\n<p style=\"font-weight: 400;\"><strong>Diretrizes para os autores<\/strong><\/p>\n<p style=\"font-weight: 400;\">Os originais submetidos ao Conselho Editorial devem atender rigorosamente aos crit\u00e9rios abaixo.<\/p>\n<ul>\n<li>Todos os textos enviados como colabora\u00e7\u00e3o \u00e0 <strong><em>Lapsus <\/em><\/strong>devem ser encaminhados eletronicamente para o email da publica\u00e7\u00e3o.<\/li>\n<li style=\"font-weight: 400;\">Os textos devem ser enviados em arquivos eletr\u00f4nicos em formato Word (extens\u00e3o de arquivo .doc).<\/li>\n<li style=\"font-weight: 400;\">S\u00e3o apenas aceitos artigos escritos em portugu\u00eas.<\/li>\n<li>O texto original deve ser apresentado como arquivo gravado em *.doc; Office 97 ou superior; contendo, no m\u00ednimo 2 laudas e, no m\u00e1ximo, 5 laudas, em fonte Arial. A p\u00e1gina dever\u00e1 ser de tamanho A4, com todas as margens de 2,5 cm.<\/li>\n<\/ul>\n<p><strong>Apresenta\u00e7\u00e3o do texto:<\/strong><\/p>\n<ul>\n<li style=\"font-weight: 400;\">T\u00edtulo\n<ul>\n<li style=\"font-weight: 400;\">Na l\u00edngua empregada no artigo<\/li>\n<\/ul>\n<\/li>\n<li style=\"font-weight: 400;\">Formata\u00e7\u00e3o:\n<ul>\n<li style=\"font-weight: 400;\">T\u00edtulo em portugu\u00eas: Arial 14, negrito, espa\u00e7amento simples, centralizado, acrescentar linha em branco ap\u00f3s.<\/li>\n<\/ul>\n<\/li>\n<li style=\"font-weight: 400;\">Nome dos Autores e respectivas afilia\u00e7\u00f5es institucionais<\/li>\n<li style=\"font-weight: 400;\">Formata\u00e7\u00e3o:\n<ul>\n<li style=\"font-weight: 400;\">Nome do primeiro autor: Arial 12, negrito, espa\u00e7amento simples, centralizado.\n<ul>\n<li style=\"font-weight: 400;\">Afilia\u00e7\u00e3o institucional do primeiro autor: Arial 12, regular, espa\u00e7amento simples, centralizado.<\/li>\n<\/ul>\n<\/li>\n<li style=\"font-weight: 400;\">Nome do segundo autor: Arial 12, negrito, espa\u00e7amento simples, centralizado.\n<ul>\n<li style=\"font-weight: 400;\">Afilia\u00e7\u00e3o institucional do primeiro autor: Arial 12, regular, espa\u00e7amento simples, centralizado.<\/li>\n<\/ul>\n<\/li>\n<li style=\"font-weight: 400;\">Em caso de coincid\u00eancia de afilia\u00e7\u00e3o institucional e\/ou pa\u00eds, registrar uma \u00fanica vez, ap\u00f3s o nome de ambos autores.<\/li>\n<\/ul>\n<\/li>\n<\/ul>\n<p style=\"font-weight: 400;\"><strong>Corpo do Texto<\/strong><\/p>\n<p>Formata\u00e7\u00e3o: Arial 12, regular, espa\u00e7amento 1,5 cm, primeira linha com recuo 1 cm, justificado. Use it\u00e1lico em palavras ou express\u00f5es a serem enfatizadas e tamb\u00e9m no caso de palavras estrangeiras \u00e0 l\u00edngua empregada. Use negrito apenas no t\u00edtulo, subt\u00edtulos e nomes dos autores. N\u00e3o use palavras sublinhadas. N\u00e3o use marca d\u2019\u00e1gua.<\/p>\n<ul>\n<li style=\"font-weight: 400;\">Notas, quando for necess\u00e1rio inclui-las, utilizar o recurso \u201cInserir notas de fim de p\u00e1gina\u201d do word. A formata\u00e7\u00e3o das notas no fim da p\u00e1gina dever\u00e1 ser Arial 10, regular, espa\u00e7amento simples, justificado.<\/li>\n<li style=\"font-weight: 400;\">Cita\u00e7\u00e3o literal com menos de 3 linhas deve permanecer integrada ao texto, entre aspas. Logo ap\u00f3s a cita\u00e7\u00e3o, antes da pontua\u00e7\u00e3o, inserir as informa\u00e7\u00f5es: autor, data e p\u00e1gina separados por v\u00edrgulas e entre par\u00eanteses. Em caso de o autor ser mencionado antes da cita\u00e7\u00e3o, a data deve ser inserida logo ap\u00f3s o nome e a indica\u00e7\u00e3o da p\u00e1gina deve ser inserida ap\u00f3s a cita\u00e7\u00e3o. Quando parte da cita\u00e7\u00e3o na fonte original estiver entre aspas duplas, substituir por aspas simples.<\/li>\n<li style=\"font-weight: 400;\">Cita\u00e7\u00e3o literal com mais de 3 linhas devem ser destacadas do texto em novo par\u00e1grafo com recuo de 4 cm \u00e0 esquerda, em Arial 11, regular, espa\u00e7amento simples, justificado. Logo ap\u00f3s a cita\u00e7\u00e3o, antes da pontua\u00e7\u00e3o, inserir as informa\u00e7\u00f5es: autor, data e p\u00e1gina separados por v\u00edrgulas e entre par\u00eanteses. Em caso de o autor ser mencionado antes da cita\u00e7\u00e3o, a data deve ser inserida logo ap\u00f3s o nome e a indica\u00e7\u00e3o da p\u00e1gina deve ser inserida ap\u00f3s a cita\u00e7\u00e3o. Acrescentar linha em branco antes e ap\u00f3s a cita\u00e7\u00e3o e n\u00e3o colocar a cita\u00e7\u00e3o inteira entre aspas.<\/li>\n<li style=\"font-weight: 400;\">Figuras, fotos e tabelas devem ser inclu\u00eddas no carpo do texto no formato *.jpg e na posi\u00e7\u00e3o \u201cem linha com o texto\u201d do word.<\/li>\n<li style=\"font-weight: 400;\">A legenda de figuras e fotos deve ser iniciada com a indica\u00e7\u00e3o: Figura 1 ou Imagem 2, etc., e inserida abaixo da imagem, em Arial 11, it\u00e1lico, espa\u00e7amento simples, centralizado. Acrescentar linha em branco antes e ap\u00f3s a legenda.<\/li>\n<li style=\"font-weight: 400;\">A legenda de tabelas e quadros deve ser iniciada com a indica\u00e7\u00e3o: Tabela 1 ou Quadro 2, etc., e inserida acima da imagem, em Arial 11, it\u00e1lico, espa\u00e7amento simples, centralizado. Acrescentar linha em branco antes e ap\u00f3s a legenda.<\/li>\n<\/ul>\n<p style=\"font-weight: 400;\"><strong>Refer\u00eancias<\/strong><\/p>\n<p style=\"font-weight: 400;\">Devem ser inclu\u00eddas no modelo autor-data, segundo normas da\u00a0<em>Associa\u00e7\u00e3o Brasileira de Normas T\u00e9cnicas<\/em>(ABNT). Apresentar as refer\u00eancias em ordem alfab\u00e9tica, pelo sobrenome dos autores. Refer\u00eancias a v\u00e1rios estudos do mesmo autor, s\u00e3o apresentadas em ordem cronol\u00f3gica, do mais antigo ao mais recente. Quando coincidirem autores e datas, utilizar a primeira letra do t\u00edtulo como crit\u00e9rio para listar as refer\u00eancias em ordem alfab\u00e9tica. Ao repetir nomes de autores n\u00e3o substituir por travess\u00f5es ou tra\u00e7os.<\/p>\n<ul>\n<li style=\"font-weight: 400;\">Formata\u00e7\u00e3o:\n<ul>\n<li style=\"font-weight: 400;\">Arial 12, regular, espa\u00e7amento simples, alinhamento \u00e0 esquerda. Acrescentar uma linha em branco ap\u00f3s cada refer\u00eancia.<\/li>\n<\/ul>\n<\/li>\n<\/ul>\n<p><strong>Normas de Cita\u00e7\u00e3o:<\/strong><\/p>\n<p style=\"font-weight: 400;\">Todos os estudos referidos devem ser acompanhados dos cr\u00e9ditos aos autores e das datas de publica\u00e7\u00e3o. Os nomes de autores cujos trabalhos forem citados devem ser seguidos da data de publica\u00e7\u00e3o, na primeira vez que forem citados em cada par\u00e1grafo. A cita\u00e7\u00e3o literal de um texto, inferior a tr\u00eas linhas, deve ser indicada colocando o trecho entre aspas e deve incluir a refer\u00eancia ao n\u00famero da p\u00e1gina da publica\u00e7\u00e3o do qual foi copiado.<\/p>\n<p style=\"font-weight: 400;\">Todos os estudos citados no texto devem ser apresentados na se\u00e7\u00e3o de Refer\u00eancias. Apenas as obras consultadas e mencionadas no texto devem aparecer naquela se\u00e7\u00e3o.<\/p>\n","protected":false},"excerpt":{"rendered":"<p>Informamos que os trabalhos com constru\u00e7\u00e3o de casos cl\u00ednicos n\u00e3o ser\u00e3o aceitos para publica\u00e7\u00e3o. Os trabalhos publicados com assinatura n\u00e3o traduzem necessariamente a opini\u00e3o do Conselho Editorial de\u00a0Lapsus, sendo de responsabilidade do(a) autor(a). Todos os manuscritos submetidos ser\u00e3o avaliados e revisados pela Equipe Lapsus, que far\u00e1 contato para poss\u00edveis altera\u00e7\u00f5es. Os trabalhos dever\u00e3o ser enviados&hellip;<\/p>\n","protected":false},"author":1,"featured_media":0,"parent":0,"menu_order":0,"comment_status":"closed","ping_status":"closed","template":"","meta":{"footnotes":""},"class_list":["post-1632","page","type-page","status-publish","hentry","entry","no-media"],"_links":{"self":[{"href":"https:\/\/www.institutopsicanalisebahia.com.br\/lapsus\/wp-json\/wp\/v2\/pages\/1632","targetHints":{"allow":["GET"]}}],"collection":[{"href":"https:\/\/www.institutopsicanalisebahia.com.br\/lapsus\/wp-json\/wp\/v2\/pages"}],"about":[{"href":"https:\/\/www.institutopsicanalisebahia.com.br\/lapsus\/wp-json\/wp\/v2\/types\/page"}],"author":[{"embeddable":true,"href":"https:\/\/www.institutopsicanalisebahia.com.br\/lapsus\/wp-json\/wp\/v2\/users\/1"}],"replies":[{"embeddable":true,"href":"https:\/\/www.institutopsicanalisebahia.com.br\/lapsus\/wp-json\/wp\/v2\/comments?post=1632"}],"version-history":[{"count":5,"href":"https:\/\/www.institutopsicanalisebahia.com.br\/lapsus\/wp-json\/wp\/v2\/pages\/1632\/revisions"}],"predecessor-version":[{"id":1840,"href":"https:\/\/www.institutopsicanalisebahia.com.br\/lapsus\/wp-json\/wp\/v2\/pages\/1632\/revisions\/1840"}],"wp:attachment":[{"href":"https:\/\/www.institutopsicanalisebahia.com.br\/lapsus\/wp-json\/wp\/v2\/media?parent=1632"}],"curies":[{"name":"wp","href":"https:\/\/api.w.org\/{rel}","templated":true}]}}