{"id":1929,"date":"2020-11-30T19:45:20","date_gmt":"2020-11-30T22:45:20","guid":{"rendered":"http:\/\/www.institutopsicanalisebahia.com.br\/lapsus\/?page_id=1929"},"modified":"2020-12-03T22:01:19","modified_gmt":"2020-12-04T01:01:19","slug":"edicao-no22","status":"publish","type":"page","link":"https:\/\/www.institutopsicanalisebahia.com.br\/lapsus\/edicao-no22\/","title":{"rendered":"Edi\u00e7\u00e3o n\u00ba22"},"content":{"rendered":"<section class=\"wpb-content-wrapper\">[vc_row][vc_column width=&#8221;2\/3&#8243;][vc_column_text]\n<h3 class=\"p3\">Editorial<\/h3>\n<p><a href=\"http:\/\/www.institutopsicanalisebahia.com.br\/lapsus\/2020\/11\/30\/editorial-lapsus-22\/\">Rog\u00e9rio Barros<\/a><\/p>\n<hr \/>\n<h3 class=\"p4\">Entrevistas<\/h3>\n<p class=\"p5\"><b><a href=\"http:\/\/www.institutopsicanalisebahia.com.br\/lapsus\/2020\/11\/30\/o-outro-que-segue-o-impossivel-de-dizer\/\">O Outro que segue o imposs\u00edvel de dizer<\/a>\u00a0&#8211; <\/b><i>Entrevista com Fernanda Otoni Brisset<\/i><\/p>\n<p class=\"p5\"><b><a href=\"http:\/\/www.institutopsicanalisebahia.com.br\/lapsus\/2020\/11\/30\/a-realidade-virtual-na-experiencia-analitica\/\">A realidade virtual na experi\u00eancia anal\u00edtica<\/a> &#8211; <\/b><i>Entrevista com Sandra Grostein<\/i><\/p>\n<hr \/>\n<h3 class=\"p4\">Textos<\/h3>\n<p class=\"p5\"><b><a href=\"http:\/\/www.institutopsicanalisebahia.com.br\/lapsus\/2020\/11\/30\/autorretrato-um-impossivel-de-representar1\/\">(Autor)retrato, um imposs\u00edvel de representar<\/a> &#8211; <\/b><i>Alessia Silva Fontenelle<\/i><\/p>\n<p class=\"p5\"><b><a href=\"http:\/\/www.institutopsicanalisebahia.com.br\/lapsus\/2020\/11\/30\/o-delirio-da-tecnociencia-um-corpo-sem-substancia1\/\">O del\u00edrio da tecnoci\u00eancia: um corpo sem subst\u00e2ncia<\/a> &#8211; <\/b><i>Rog\u00e9rio de Andrade Barros<\/i><\/p>\n<p class=\"p8\"><a href=\"http:\/\/www.institutopsicanalisebahia.com.br\/lapsus\/2020\/11\/30\/a-catastrofe-saiu-da-tela-a-experiencia-do-infamiliar-entre-a-ficcao-e-o-real\/\"><b>A cat\u00e1strofe saiu da tela: a experi\u00eancia do <\/b><\/a><b><a href=\"http:\/\/www.institutopsicanalisebahia.com.br\/lapsus\/2020\/11\/30\/a-catastrofe-saiu-da-tela-a-experiencia-do-infamiliar-entre-a-ficcao-e-o-real\/\">infamiliar entre a fic\u00e7\u00e3o e o Real<\/a> &#8211; <\/b><i>Giovana Reis Mesquita<\/i><\/p>\n<p class=\"p5\"><b><a href=\"http:\/\/www.institutopsicanalisebahia.com.br\/lapsus\/2020\/11\/30\/edipo-histeria-e-neurose-sem-edipo\/\">\u00c9dipo, histeria e neurose sem \u00c9dipo<\/a> &#8211; <\/b><i>F\u00e1tima Sarmento<\/i><\/p>\n<p class=\"p5\"><b><a href=\"http:\/\/www.institutopsicanalisebahia.com.br\/lapsus\/2020\/11\/30\/ultrapassamos-os-28-minutos\/\">Ultrapassamos os 28 minutos<\/a> &#8211; <\/b><i>Gustavo Gusm\u00e3o<\/i><\/p>\n<p class=\"p5\"><b><a href=\"http:\/\/www.institutopsicanalisebahia.com.br\/lapsus\/2020\/11\/30\/2020-o-despertar-de-um-sonho\/\">2020 \u2013 O despertar de um sonho<\/a> &#8211; <\/b><i>T\u00e2nia Porto<\/i><\/p>\n<p class=\"p8\"><a href=\"http:\/\/www.institutopsicanalisebahia.com.br\/lapsus\/2020\/11\/30\/o-feminino-mais-ainda-banhado-a-luto-e-melancolia-des-fiando-pedacos-de-elena\/\"><b>O Feminino, mais, ainda, banhado a <\/b><\/a><b><a href=\"http:\/\/www.institutopsicanalisebahia.com.br\/lapsus\/2020\/11\/30\/o-feminino-mais-ainda-banhado-a-luto-e-melancolia-des-fiando-pedacos-de-elena\/\">luto e melancolia: des-fiando peda\u00e7os de Elena<\/a> &#8211; <\/b><i>Delza Eloy de Santana Gon\u00e7alves<\/i><\/p>\n<p class=\"p5\"><b><a href=\"http:\/\/www.institutopsicanalisebahia.com.br\/lapsus\/2020\/11\/30\/nao-fazemos-mais-amor-como-antes\/\">N\u00e3o fazemos mais (amor) como antes<\/a> &#8211; <\/b><i>Glauco de Carvalho Morais<\/i><\/p>\n<p class=\"p5\"><b><a href=\"http:\/\/www.institutopsicanalisebahia.com.br\/lapsus\/2020\/11\/30\/o-sinthoma-como-escritura-do-real\/\">O Sinthoma como escritura do real<\/a> &#8211; <\/b><i>Ivone Maia de Mello <\/i><\/p>\n<p class=\"p5\"><b><a href=\"http:\/\/www.institutopsicanalisebahia.com.br\/lapsus\/2020\/11\/30\/consideracoes-sobre-o-atendimento-on-line\/\">Considerac\u0327o\u0303es sobre o atendimento <\/a><i><a href=\"http:\/\/www.institutopsicanalisebahia.com.br\/lapsus\/2020\/11\/30\/consideracoes-sobre-o-atendimento-on-line\/\">on-line<\/a> &#8211; <\/i><\/b><i>Pedro Roberto Ivo das Neves<\/i><\/p>\n<p class=\"p5\"><b><a href=\"http:\/\/www.institutopsicanalisebahia.com.br\/lapsus\/2020\/11\/30\/o-abismo-do-desejo-um-antidoto-para-a-pandemia\/\">O abismo do desejo<\/a> &#8211; <\/b><i>Graziela Vasconcelos<\/i><\/p>\n<hr \/>\n<h3 class=\"p4\">Interc\u00e2mbio<\/h3>\n<p class=\"p8\"><a href=\"http:\/\/www.institutopsicanalisebahia.com.br\/lapsus\/2020\/11\/30\/o-acolhimento-psicanalitico-no-intervalle-cap1-principios-e-aplicacoes2\/\"><b>O acolhimento psicanal\u00edtico no intervale-cap1: <\/b><\/a><b><a href=\"http:\/\/www.institutopsicanalisebahia.com.br\/lapsus\/2020\/11\/30\/o-acolhimento-psicanalitico-no-intervalle-cap1-principios-e-aplicacoes2\/\">princ\u00edpios e aplica\u00e7\u00f5es<\/a> &#8211; <\/b><i>Catherine Meut, Mathieu Siriot<\/i><\/p>\n<p class=\"p5\"><b><a href=\"http:\/\/www.institutopsicanalisebahia.com.br\/lapsus\/2020\/11\/30\/umdemia-novas-licoes-de-um-despertar\/\">\u201c(Um)demia\u201d: novas li\u00e7\u00f5es de um despertar?<\/a> &#8211; <\/b><i>Pauleska Asevedo Nobrega<\/i><\/p>\n<hr \/>\n<h3 class=\"p4\">Disciplina do coment\u00e1rio<\/h3>\n<p class=\"p5\"><b><a href=\"http:\/\/www.institutopsicanalisebahia.com.br\/lapsus\/2020\/11\/30\/a-sessao-obsoleta-e-a-presenca-do-analista\/\">A sess\u00e3o obsoleta e a presen\u00e7a do analista<\/a> &#8211; <\/b><i>Marcelo Magnelli<\/i><\/p>\n<p class=\"p5\"><b><a href=\"http:\/\/www.institutopsicanalisebahia.com.br\/lapsus\/2020\/11\/30\/no-meio-da-pandemia-tinha-um-analista\/\">No meio da pandemia tinha um analista<\/a> &#8211; <\/b><i>Bruno de Oliveira<\/i><\/p>\n<p class=\"p11\"><b><a href=\"http:\/\/www.institutopsicanalisebahia.com.br\/lapsus\/2020\/11\/30\/o-analista-entre-o-diva-e-as-telas\/\">O analista entre o div\u00e3 e as telas<\/a> &#8211; <\/b><i>Vanessa Serpa Leite<\/i><\/p>\n<hr \/>\n<h3 class=\"p4\">Resenhas<\/h3>\n<p class=\"p5\"><b><a href=\"http:\/\/www.institutopsicanalisebahia.com.br\/lapsus\/2020\/11\/30\/genero-e-psicanalise\/\">G\u00eanero e psican\u00e1lise<\/a> &#8211; <\/b><i>Wilker Fran\u00e7a<\/i><\/p>\n<p class=\"p5\"><b><a href=\"http:\/\/www.institutopsicanalisebahia.com.br\/lapsus\/2020\/11\/30\/mulheres-e-discursos\/\">Mulheres e discursos<\/a> &#8211; <\/b><i>Bruna do Vale<\/i><\/p>\n<p class=\"p5\"><b><a href=\"http:\/\/www.institutopsicanalisebahia.com.br\/lapsus\/2020\/11\/30\/que-nos-restou-de-duas-conversacoes-de-laboratorios-on-line\/\">Que nos restou de duas conversa\u00e7\u00f5es de laborat\u00f3rios, <i>on-line<\/i>?<\/a> &#8211; <\/b><i>Daniela Nunes Araujo, Vanessa Serpa Leite<\/i><\/p>\n[\/vc_column_text][\/vc_column][vc_column width=&#8221;1\/3&#8243; css=&#8221;.vc_custom_1566129307889{background-color: #f4f4f4 !important;}&#8221;][vc_single_image image=&#8221;1930&#8243; img_size=&#8221;150&#215;212&#8243; alignment=&#8221;center&#8221;][vc_btn title=&#8221;Download&#8221; size=&#8221;xs&#8221; align=&#8221;center&#8221; i_icon_fontawesome=&#8221;fa fa-download&#8221; add_icon=&#8221;true&#8221; link=&#8221;url:http%3A%2F%2Fwww.institutopsicanalisebahia.com.br%2Flapsus%2Fwp-content%2Fuploads%2F2020%2F12%2FLapsus-22-1.pdf|||&#8221;][vc_column_text]\n<h6 style=\"text-align: center;\">Lapsus, n. 22, dez., ano 2020<\/h6>\n[\/vc_column_text][\/vc_column][\/vc_row]\n<\/section>","protected":false},"excerpt":{"rendered":"<p>[vc_row][vc_column width=&#8221;2\/3&#8243;][vc_column_text] Editorial Rog\u00e9rio Barros Entrevistas O Outro que segue o imposs\u00edvel de dizer\u00a0&#8211; Entrevista com Fernanda Otoni Brisset A realidade virtual na experi\u00eancia anal\u00edtica &#8211; Entrevista com Sandra Grostein Textos (Autor)retrato, um imposs\u00edvel de representar &#8211; Alessia Silva Fontenelle O del\u00edrio da tecnoci\u00eancia: um corpo sem subst\u00e2ncia &#8211; Rog\u00e9rio de Andrade Barros A cat\u00e1strofe&hellip;<\/p>\n","protected":false},"author":1,"featured_media":0,"parent":0,"menu_order":0,"comment_status":"closed","ping_status":"closed","template":"","meta":{"footnotes":""},"class_list":["post-1929","page","type-page","status-publish","hentry","entry","no-media"],"_links":{"self":[{"href":"https:\/\/www.institutopsicanalisebahia.com.br\/lapsus\/wp-json\/wp\/v2\/pages\/1929","targetHints":{"allow":["GET"]}}],"collection":[{"href":"https:\/\/www.institutopsicanalisebahia.com.br\/lapsus\/wp-json\/wp\/v2\/pages"}],"about":[{"href":"https:\/\/www.institutopsicanalisebahia.com.br\/lapsus\/wp-json\/wp\/v2\/types\/page"}],"author":[{"embeddable":true,"href":"https:\/\/www.institutopsicanalisebahia.com.br\/lapsus\/wp-json\/wp\/v2\/users\/1"}],"replies":[{"embeddable":true,"href":"https:\/\/www.institutopsicanalisebahia.com.br\/lapsus\/wp-json\/wp\/v2\/comments?post=1929"}],"version-history":[{"count":7,"href":"https:\/\/www.institutopsicanalisebahia.com.br\/lapsus\/wp-json\/wp\/v2\/pages\/1929\/revisions"}],"predecessor-version":[{"id":1991,"href":"https:\/\/www.institutopsicanalisebahia.com.br\/lapsus\/wp-json\/wp\/v2\/pages\/1929\/revisions\/1991"}],"wp:attachment":[{"href":"https:\/\/www.institutopsicanalisebahia.com.br\/lapsus\/wp-json\/wp\/v2\/media?parent=1929"}],"curies":[{"name":"wp","href":"https:\/\/api.w.org\/{rel}","templated":true}]}}