{"id":2201,"date":"2023-10-14T06:47:29","date_gmt":"2023-10-14T09:47:29","guid":{"rendered":"https:\/\/www.institutopsicanalisebahia.com.br\/lapsus\/?page_id=2201"},"modified":"2023-10-14T06:47:29","modified_gmt":"2023-10-14T09:47:29","slug":"lapsus-laps-interludio","status":"publish","type":"page","link":"https:\/\/www.institutopsicanalisebahia.com.br\/lapsus\/lapsus-laps-interludio\/","title":{"rendered":"Lapsus \u201cLaps interl\u00fadio\u201d"},"content":{"rendered":"<section class=\"wpb-content-wrapper\">[vc_row][vc_column]\n\t\t\t<!-- START Main REVOLUTION SLIDER 6.6.14 --><p class=\"rs-p-wp-fix\"><\/p>\n\t\t\t<rs-module-wrap id=\"rev_slider_1_1_wrapper\" data-source=\"gallery\" style=\"visibility:hidden;background:#ffffff;padding:0;margin:0px auto;margin-top:0;margin-bottom:0;\">\n\t\t\t\t<rs-module id=\"rev_slider_1_1\" style=\"\" data-version=\"6.6.14\">\n\t\t\t\t\t<rs-slides style=\"overflow: hidden; position: absolute;\">\n\t\t\t\t\t\t<rs-slide style=\"position: absolute;\" data-key=\"rs-2\" data-title=\"EDI\u00c7\u00c3O ATUAL\" data-thumb=\"\/\/www.institutopsicanalisebahia.com.br\/lapsus\/wp-content\/uploads\/2025\/12\/imagem_banner-100x50.png\" data-anim=\"e:slidingoverlay;ms:2000;\" data-in=\"o:1;x:100%;\" data-out=\"a:false;\" data-alttrans=\"slidingoverlayvertical,boxfade\">\n\t\t\t\t\t\t\t<img decoding=\"async\" src=\"\/\/www.institutopsicanalisebahia.com.br\/lapsus\/wp-content\/plugins\/revslider\/public\/assets\/assets\/dummy.png\" alt=\"\" title=\"imagem_banner\" width=\"1920\" height=\"300\" class=\"rev-slidebg tp-rs-img rs-lazyload\" data-lazyload=\"\/\/www.institutopsicanalisebahia.com.br\/lapsus\/wp-content\/uploads\/2025\/12\/imagem_banner.png\" data-bg=\"p:left top;\" data-no-retina>\n<!--\n\t\t\t\t\t\t\t--><rs-layer\n\t\t\t\t\t\t\t\tid=\"slider-1-slide-2-layer-0\" \n\t\t\t\t\t\t\t\tdata-type=\"image\"\n\t\t\t\t\t\t\t\tdata-rsp_ch=\"on\"\n\t\t\t\t\t\t\t\tdata-xy=\"x:142px;y:37px;\"\n\t\t\t\t\t\t\t\tdata-text=\"w:normal;\"\n\t\t\t\t\t\t\t\tdata-dim=\"w:245px;h:91px;\"\n\t\t\t\t\t\t\t\tdata-frame_0=\"x:left;\"\n\t\t\t\t\t\t\t\tdata-frame_1=\"st:800;sp:1000;sR:800;\"\n\t\t\t\t\t\t\t\tdata-frame_999=\"o:0;st:w;sR:7200;\"\n\t\t\t\t\t\t\t\tstyle=\"z-index:12;\"\n\t\t\t\t\t\t\t><img decoding=\"async\" src=\"\/\/www.institutopsicanalisebahia.com.br\/lapsus\/wp-content\/plugins\/revslider\/public\/assets\/assets\/dummy.png\" alt=\"\" class=\"tp-rs-img rs-lazyload\" width=\"300\" height=\"111\" data-lazyload=\"\/\/www.institutopsicanalisebahia.com.br\/lapsus\/wp-content\/uploads\/2025\/12\/item_num_lapsus_026.jpg\" data-no-retina> \n\t\t\t\t\t\t\t<\/rs-layer><!--\n\n\t\t\t\t\t\t\t--><rs-layer\n\t\t\t\t\t\t\t\tid=\"slider-1-slide-2-layer-2\" \n\t\t\t\t\t\t\t\tclass=\"black\"\n\t\t\t\t\t\t\t\tdata-type=\"text\"\n\t\t\t\t\t\t\t\tdata-color=\"#ffffff\"\n\t\t\t\t\t\t\t\tdata-rsp_ch=\"on\"\n\t\t\t\t\t\t\t\tdata-xy=\"x:141px;y:168px;\"\n\t\t\t\t\t\t\t\tdata-text=\"fw:300;a:inherit;\"\n\t\t\t\t\t\t\t\tdata-frame_0=\"y:50px;\"\n\t\t\t\t\t\t\t\tdata-frame_1=\"st:1670;sp:1000;sR:1670;\"\n\t\t\t\t\t\t\t\tdata-frame_999=\"st:w;sR:6330;auto:true;\"\n\t\t\t\t\t\t\t\tstyle=\"z-index:5;font-family:'Raleway', 'Open Sans';\"\n\t\t\t\t\t\t\t>Fa\u00e7a o download do PDF na p\u00e1gina de \"n\u00famero atual\" \n\t\t\t\t\t\t\t<\/rs-layer><!--\n\n\t\t\t\t\t\t\t--><rs-layer\n\t\t\t\t\t\t\t\tid=\"slider-1-slide-2-layer-9\" \n\t\t\t\t\t\t\t\tclass=\"rev-btn\"\n\t\t\t\t\t\t\t\tdata-type=\"button\"\n\t\t\t\t\t\t\t\tdata-color=\"#ffffff\"\n\t\t\t\t\t\t\t\tdata-rsp_ch=\"on\"\n\t\t\t\t\t\t\t\tdata-xy=\"x:142px;y:224px;\"\n\t\t\t\t\t\t\t\tdata-text=\"w:normal;s:18;l:50;fw:500;\"\n\t\t\t\t\t\t\t\tdata-dim=\"minh:0px;\"\n\t\t\t\t\t\t\t\tdata-padding=\"r:40;l:40;\"\n\t\t\t\t\t\t\t\tdata-border=\"bor:3px,3px,3px,3px;\"\n\t\t\t\t\t\t\t\tdata-frame_0=\"y:bottom;\"\n\t\t\t\t\t\t\t\tdata-frame_1=\"st:2210;sp:1000;sR:2210;\"\n\t\t\t\t\t\t\t\tdata-frame_999=\"o:0;st:w;sR:5790;\"\n\t\t\t\t\t\t\t\tdata-frame_hover=\"bgc:#333;bor:3px,3px,3px,3px;sp:100;e:power1.inOut;bri:120%;\"\n\t\t\t\t\t\t\t\tstyle=\"z-index:13;background-color:#000000;font-family:'Roboto';\"\n\t\t\t\t\t\t\t>LEIA MAIS \n\t\t\t\t\t\t\t<\/rs-layer><!--\n\n\t\t\t\t\t\t\t--><rs-layer\n\t\t\t\t\t\t\t\tid=\"slider-1-slide-2-layer-12\" \n\t\t\t\t\t\t\t\tdata-type=\"image\"\n\t\t\t\t\t\t\t\tdata-rsp_ch=\"on\"\n\t\t\t\t\t\t\t\tdata-xy=\"x:711px;y:c;\"\n\t\t\t\t\t\t\t\tdata-text=\"l:22;a:inherit;\"\n\t\t\t\t\t\t\t\tdata-dim=\"w:184px;h:257px;\"\n\t\t\t\t\t\t\t\tdata-frame_0=\"y:top;\"\n\t\t\t\t\t\t\t\tdata-frame_1=\"st:1220;sp:1000;sR:1220;\"\n\t\t\t\t\t\t\t\tdata-frame_999=\"o:0;st:w;sR:6780;\"\n\t\t\t\t\t\t\t\tstyle=\"z-index:11;\"\n\t\t\t\t\t\t\t><img decoding=\"async\" src=\"\/\/www.institutopsicanalisebahia.com.br\/lapsus\/wp-content\/plugins\/revslider\/public\/assets\/assets\/dummy.png\" alt=\"\" class=\"tp-rs-img rs-lazyload\" width=\"1300\" height=\"1813\" data-lazyload=\"\/\/www.institutopsicanalisebahia.com.br\/lapsus\/wp-content\/uploads\/2025\/12\/CAPA-LAPSUS-026.png\" data-no-retina> \n\t\t\t\t\t\t\t<\/rs-layer><!--\n-->\t\t\t\t\t\t<\/rs-slide>\n\t\t\t\t\t\t<rs-slide style=\"position: absolute;\" data-key=\"rs-4\" data-title=\"BOLETIM LAPS\" data-in=\"o:0;\" data-out=\"a:false;\">\n\t\t\t\t\t\t\t<img decoding=\"async\" src=\"\/\/www.institutopsicanalisebahia.com.br\/lapsus\/wp-content\/plugins\/revslider\/public\/assets\/assets\/dummy.png\" alt=\"BOLETIM LAPS\" title=\"Lapsus \u201cLaps interl\u00fadio\u201d\" class=\"rev-slidebg tp-rs-img rs-lazyload\" data-lazyload=\"\/\/www.institutopsicanalisebahia.com.br\/lapsus\/wp-content\/plugins\/revslider\/public\/assets\/assets\/transparent.png\" data-bg=\"c:#ffffff;\" data-no-retina>\n<!--\n\t\t\t\t\t\t\t--><rs-layer\n\t\t\t\t\t\t\t\tid=\"slider-1-slide-4-layer-6\" \n\t\t\t\t\t\t\t\tdata-type=\"image\"\n\t\t\t\t\t\t\t\tdata-rsp_ch=\"on\"\n\t\t\t\t\t\t\t\tdata-xy=\"x:r;y:c;\"\n\t\t\t\t\t\t\t\tdata-text=\"w:normal;\"\n\t\t\t\t\t\t\t\tdata-dim=\"w:213px;h:301px;\"\n\t\t\t\t\t\t\t\tdata-frame_0=\"x:right;\"\n\t\t\t\t\t\t\t\tdata-frame_1=\"st:740;sp:1000;sR:740;\"\n\t\t\t\t\t\t\t\tdata-frame_999=\"o:0;st:w;sR:7260;\"\n\t\t\t\t\t\t\t\tstyle=\"z-index:6;\"\n\t\t\t\t\t\t\t><img decoding=\"async\" src=\"\/\/www.institutopsicanalisebahia.com.br\/lapsus\/wp-content\/plugins\/revslider\/public\/assets\/assets\/dummy.png\" alt=\"\" class=\"tp-rs-img rs-lazyload\" width=\"1241\" height=\"1754\" data-lazyload=\"\/\/www.institutopsicanalisebahia.com.br\/lapsus\/wp-content\/uploads\/2025\/11\/LAPS_04_nov_2025-01.png\" data-no-retina> \n\t\t\t\t\t\t\t<\/rs-layer><!--\n\n\t\t\t\t\t\t\t--><rs-layer\n\t\t\t\t\t\t\t\tid=\"slider-1-slide-4-layer-7\" \n\t\t\t\t\t\t\t\tdata-type=\"image\"\n\t\t\t\t\t\t\t\tdata-rsp_ch=\"on\"\n\t\t\t\t\t\t\t\tdata-xy=\"y:c;\"\n\t\t\t\t\t\t\t\tdata-text=\"w:normal;\"\n\t\t\t\t\t\t\t\tdata-dim=\"w:373px;h:290px;\"\n\t\t\t\t\t\t\t\tdata-frame_0=\"x:left;\"\n\t\t\t\t\t\t\t\tdata-frame_1=\"st:1290;sp:1000;sR:1290;\"\n\t\t\t\t\t\t\t\tdata-frame_999=\"o:0;st:w;sR:6710;\"\n\t\t\t\t\t\t\t\tstyle=\"z-index:7;\"\n\t\t\t\t\t\t\t><img decoding=\"async\" src=\"\/\/www.institutopsicanalisebahia.com.br\/lapsus\/wp-content\/plugins\/revslider\/public\/assets\/assets\/dummy.png\" alt=\"\" class=\"tp-rs-img rs-lazyload\" width=\"612\" height=\"475\" data-lazyload=\"\/\/www.institutopsicanalisebahia.com.br\/lapsus\/wp-content\/uploads\/2025\/11\/LAPS_04_nov_2025-02.png\" data-no-retina> \n\t\t\t\t\t\t\t<\/rs-layer><!--\n\n\t\t\t\t\t\t\t--><a\n\t\t\t\t\t\t\t\tid=\"slider-1-slide-4-layer-8\" \n\t\t\t\t\t\t\t\tclass=\"rs-layer rev-btn\"\n\t\t\t\t\t\t\t\thref=\"http:\/\/www.institutopsicanalisebahia.com.br\/lapsus\/wp-content\/uploads\/2025\/11\/LAPS_04_nov_2025.pdf\" target=\"_self\"\n\t\t\t\t\t\t\t\tdata-type=\"button\"\n\t\t\t\t\t\t\t\tdata-color=\"#ffffff\"\n\t\t\t\t\t\t\t\tdata-rsp_ch=\"on\"\n\t\t\t\t\t\t\t\tdata-xy=\"x:407px;y:c;\"\n\t\t\t\t\t\t\t\tdata-text=\"w:normal;s:14;l:18;ls:1;\"\n\t\t\t\t\t\t\t\tdata-dim=\"minh:0px;\"\n\t\t\t\t\t\t\t\tdata-padding=\"t:10;r:30;b:10;l:30;\"\n\t\t\t\t\t\t\t\tdata-border=\"bor:30px,30px,30px,30px;\"\n\t\t\t\t\t\t\t\tdata-frame_1=\"st:2270;sR:2270;\"\n\t\t\t\t\t\t\t\tdata-frame_999=\"o:0;st:w;sR:6430;\"\n\t\t\t\t\t\t\t\tdata-frame_hover=\"c:#000;bgc:#fff;bor:30px,30px,30px,30px;sp:200;e:power1.inOut;\"\n\t\t\t\t\t\t\t\tstyle=\"z-index:8;background-color:rgba(0,0,0,0.75);font-family:'Roboto';text-transform:uppercase;\"\n\t\t\t\t\t\t\t>ACESSE   <i class=\"fa-chevron-right\"><\/i> \n\t\t\t\t\t\t\t<\/a><!--\n-->\t\t\t\t\t\t<\/rs-slide>\n\t\t\t\t\t\t<rs-slide style=\"position: absolute;\" data-key=\"rs-3\" data-title=\"Slide\" data-thumb=\"\/\/www.institutopsicanalisebahia.com.br\/lapsus\/wp-content\/uploads\/2019\/08\/Logo-Gray-Texture-Background-100x50.jpeg\" data-anim=\"ms:default,default,default;r:,0,0;\" data-in=\"y:(-100%);e:d,d;row:d,d,d;col:5;\" data-alttrans=\"boxfade,slotslide-horizontal\">\n\t\t\t\t\t\t\t<img decoding=\"async\" src=\"\/\/www.institutopsicanalisebahia.com.br\/lapsus\/wp-content\/plugins\/revslider\/public\/assets\/assets\/dummy.png\" alt=\"\" title=\"Lapsus \u201cLaps interl\u00fadio\u201d\" class=\"rev-slidebg tp-rs-img rs-lazyload\" data-lazyload=\"\/\/www.institutopsicanalisebahia.com.br\/lapsus\/wp-content\/uploads\/2019\/08\/Logo-Gray-Texture-Background.jpeg\" data-bg=\"p:center top;\" data-no-retina>\n<!--\n\t\t\t\t\t\t\t--><rs-layer\n\t\t\t\t\t\t\t\tid=\"slider-1-slide-3-layer-2\" \n\t\t\t\t\t\t\t\tclass=\"largepinkbg\"\n\t\t\t\t\t\t\t\tdata-type=\"text\"\n\t\t\t\t\t\t\t\tdata-color=\"#fff\"\n\t\t\t\t\t\t\t\tdata-rsp_ch=\"on\"\n\t\t\t\t\t\t\t\tdata-xy=\"x:95px;y:c;yo:20px;\"\n\t\t\t\t\t\t\t\tdata-text=\"s:50;l:70;fw:300;a:inherit;\"\n\t\t\t\t\t\t\t\tdata-padding=\"t:10;r:10;b:10;l:10;\"\n\t\t\t\t\t\t\t\tdata-frame_0=\"tp:600;\"\n\t\t\t\t\t\t\t\tdata-frame_1=\"tp:600;st:810;sR:810;\"\n\t\t\t\t\t\t\t\tdata-frame_999=\"st:w;sR:7890;auto:true;\"\n\t\t\t\t\t\t\t\tstyle=\"z-index:5;background-color:rgba(219,67,96,1);font-family:'Raleway', 'Open Sans';position:absolute;text-shadow:none;-webkit-border-radius:0px;-moz-border-radius:0px;\"\n\t\t\t\t\t\t\t>Fa\u00e7a download do PDF \n\t\t\t\t\t\t\t<\/rs-layer><!--\n\n\t\t\t\t\t\t\t--><rs-layer\n\t\t\t\t\t\t\t\tid=\"slider-1-slide-3-layer-1\" \n\t\t\t\t\t\t\t\tclass=\"medium_bg_darkblue\"\n\t\t\t\t\t\t\t\tdata-type=\"text\"\n\t\t\t\t\t\t\t\tdata-color=\"#ffffff\"\n\t\t\t\t\t\t\t\tdata-rsp_ch=\"on\"\n\t\t\t\t\t\t\t\tdata-xy=\"x:77px;y:c;yo:-30px;\"\n\t\t\t\t\t\t\t\tdata-text=\"s:20;l:20;fw:800;a:inherit;\"\n\t\t\t\t\t\t\t\tdata-padding=\"t:10;r:10;b:10;l:10;\"\n\t\t\t\t\t\t\t\tdata-frame_0=\"tp:600;\"\n\t\t\t\t\t\t\t\tdata-frame_1=\"tp:600;st:500;sR:500;\"\n\t\t\t\t\t\t\t\tdata-frame_999=\"st:w;sR:8200;auto:true;\"\n\t\t\t\t\t\t\t\tstyle=\"z-index:6;background-color:rgba(52,73,94,0.81);font-family:'Raleway', 'Open Sans';\"\n\t\t\t\t\t\t\t>Os n\u00fameros anteriores est\u00e3o dispon\u00edveis! \n\t\t\t\t\t\t\t<\/rs-layer><!--\n\n\t\t\t\t\t\t\t--><rs-layer\n\t\t\t\t\t\t\t\tid=\"slider-1-slide-3-layer-3\" \n\t\t\t\t\t\t\t\tdata-type=\"image\"\n\t\t\t\t\t\t\t\tdata-rsp_ch=\"on\"\n\t\t\t\t\t\t\t\tdata-xy=\"x:658px;y:c;yo:5px;\"\n\t\t\t\t\t\t\t\tdata-text=\"l:22;a:inherit;\"\n\t\t\t\t\t\t\t\tdata-dim=\"w:141px;h:200px;\"\n\t\t\t\t\t\t\t\tdata-frame_0=\"x:right;o:1;tp:600;\"\n\t\t\t\t\t\t\t\tdata-frame_1=\"tp:600;st:1110;sR:1110;\"\n\t\t\t\t\t\t\t\tdata-frame_999=\"o:0;tp:600;st:w;sR:7590;\"\n\t\t\t\t\t\t\t\tstyle=\"z-index:7;\"\n\t\t\t\t\t\t\t><img decoding=\"async\" src=\"\/\/www.institutopsicanalisebahia.com.br\/lapsus\/wp-content\/plugins\/revslider\/public\/assets\/assets\/dummy.png\" alt=\"\" class=\"tp-rs-img rs-lazyload\" width=\"595\" height=\"842\" data-lazyload=\"\/\/www.institutopsicanalisebahia.com.br\/lapsus\/wp-content\/uploads\/2019\/08\/lapsus016-1.jpg\" data-no-retina> \n\t\t\t\t\t\t\t<\/rs-layer><!--\n\n\t\t\t\t\t\t\t--><rs-layer\n\t\t\t\t\t\t\t\tid=\"slider-1-slide-3-layer-4\" \n\t\t\t\t\t\t\t\tdata-type=\"image\"\n\t\t\t\t\t\t\t\tdata-rsp_ch=\"on\"\n\t\t\t\t\t\t\t\tdata-xy=\"x:725px;y:c;yo:17px;\"\n\t\t\t\t\t\t\t\tdata-text=\"l:22;a:inherit;\"\n\t\t\t\t\t\t\t\tdata-dim=\"w:141px;h:200px;\"\n\t\t\t\t\t\t\t\tdata-frame_0=\"x:right;o:1;tp:600;\"\n\t\t\t\t\t\t\t\tdata-frame_1=\"tp:600;st:1270;sR:1270;\"\n\t\t\t\t\t\t\t\tdata-frame_999=\"o:0;tp:600;st:w;sR:7430;\"\n\t\t\t\t\t\t\t\tstyle=\"z-index:8;\"\n\t\t\t\t\t\t\t><img decoding=\"async\" src=\"\/\/www.institutopsicanalisebahia.com.br\/lapsus\/wp-content\/plugins\/revslider\/public\/assets\/assets\/dummy.png\" alt=\"\" class=\"tp-rs-img rs-lazyload\" width=\"595\" height=\"842\" data-lazyload=\"\/\/www.institutopsicanalisebahia.com.br\/lapsus\/wp-content\/uploads\/2019\/08\/lapsus016-1.jpg\" data-no-retina> \n\t\t\t\t\t\t\t<\/rs-layer><!--\n\n\t\t\t\t\t\t\t--><rs-layer\n\t\t\t\t\t\t\t\tid=\"slider-1-slide-3-layer-5\" \n\t\t\t\t\t\t\t\tdata-type=\"image\"\n\t\t\t\t\t\t\t\tdata-rsp_ch=\"on\"\n\t\t\t\t\t\t\t\tdata-xy=\"x:811px;y:c;yo:26px;\"\n\t\t\t\t\t\t\t\tdata-text=\"l:22;a:inherit;\"\n\t\t\t\t\t\t\t\tdata-dim=\"w:141px;h:200px;\"\n\t\t\t\t\t\t\t\tdata-frame_0=\"x:right;o:1;tp:600;\"\n\t\t\t\t\t\t\t\tdata-frame_1=\"tp:600;st:1490;sR:1490;\"\n\t\t\t\t\t\t\t\tdata-frame_999=\"o:0;tp:600;st:w;sR:7210;\"\n\t\t\t\t\t\t\t\tstyle=\"z-index:9;\"\n\t\t\t\t\t\t\t><img decoding=\"async\" src=\"\/\/www.institutopsicanalisebahia.com.br\/lapsus\/wp-content\/plugins\/revslider\/public\/assets\/assets\/dummy.png\" alt=\"\" class=\"tp-rs-img rs-lazyload\" width=\"595\" height=\"842\" data-lazyload=\"\/\/www.institutopsicanalisebahia.com.br\/lapsus\/wp-content\/uploads\/2019\/08\/lapsus016-1.jpg\" data-no-retina> \n\t\t\t\t\t\t\t<\/rs-layer><!--\n-->\t\t\t\t\t\t<\/rs-slide>\n\t\t\t\t\t<\/rs-slides>\n\t\t\t\t<\/rs-module>\n\t\t\t\t<script>\n\t\t\t\t\tsetREVStartSize({c: 'rev_slider_1_1',rl:[1240,1024,778,480],el:[300],gw:[1060],gh:[300],type:'standard',justify:'',layout:'fullwidth',mh:\"0\"});if (window.RS_MODULES!==undefined && window.RS_MODULES.modules!==undefined && window.RS_MODULES.modules[\"revslider11\"]!==undefined) {window.RS_MODULES.modules[\"revslider11\"].once = false;window.revapi1 = undefined;if (window.RS_MODULES.checkMinimal!==undefined) window.RS_MODULES.checkMinimal()}\n\t\t\t\t<\/script>\n\t\t\t<\/rs-module-wrap>\n\t\t\t<!-- END REVOLUTION SLIDER -->\n[\/vc_column][\/vc_row][vc_row][vc_column][vc_empty_space height=&#8221;50px&#8221;][\/vc_column][\/vc_row][vc_row][vc_column][vc_single_image image=&#8221;2202&#8243; alignment=&#8221;center&#8221;][\/vc_column][\/vc_row][vc_row][vc_column][vc_custom_heading text=&#8221;EDITORIAL&#8221; google_fonts=&#8221;font_family:Lato%3A100%2C100italic%2C300%2C300italic%2Cregular%2Citalic%2C700%2C700italic%2C900%2C900italic|font_style:400%20regular%3A400%3Anormal&#8221;][vc_separator border_width=&#8221;5&#8243;][\/vc_column][\/vc_row][vc_row][vc_column width=&#8221;2\/3&#8243;][vc_column_text]\n<h3><strong>\u201cLaps Interl\u00fadio\u201d<\/strong><\/h3>\n<p>Wilker Fran\u00e7a &#8211; <em>Associado IPB<\/em><\/p>\n<p>\u201cQuando [&#8230;] o esp(a\u00e7o) de um laps(o) j\u00e1 n\u00e3o tem nenhum impacto de sentido (ou interpreta\u00e7\u00e3o), s\u00f3 ent\u00e3o temos certeza de estar no inconsciente.\u201d Lacan nos orienta, a partir dessa cita\u00e7\u00e3o, que o inconsciente real se apresenta nesse espa\u00e7o de um lapso, um espa\u00e7o t\u00eanue que n\u00e3o admite transfer\u00eancia, sentido, amizade, parceria, nenhum la\u00e7o poss\u00edvel. Nessa dimens\u00e3o do inconsciente n\u00e3o h\u00e1 incid\u00eancia do Outro para significar o lapso. No Semin\u00e1rio 24, <em>L\u00b4insu que sait de l\u00b4une-b<\/em><em>\u00e9<\/em><em>vue s\u00b4aile a mourre<\/em>, Lacan nos diz que o \u201cUm dialoga sozinho\u201d para se referir \u00e0 fala nesse espa\u00e7o de aus\u00eancia do Outro e preval\u00eancia do gozo. Contudo, faz-se importante destacar que uma an\u00e1lise prescinde do Outro, mas n\u00e3o da presen\u00e7a do analista. Diante da inexist\u00eancia do Outro, a presen\u00e7a do analista n\u00e3o se apaga; muito pelo contr\u00e1rio, \u00e9 uma presen\u00e7a que faz furo e encarna o n\u00e3o simbolizado do gozo.[\/vc_column_text][vc_btn title=&#8221;Leia mais&#8221; size=&#8221;xs&#8221; link=&#8221;url:https%3A%2F%2Fwww.institutopsicanalisebahia.com.br%2Flapsus%2F2023%2F10%2F14%2Feditorial-laps-interludio%2F|title:Editorial%20Lapsus%20n%C2%BA017&#8243;][\/vc_column][vc_column width=&#8221;1\/3&#8243;][vc_single_image image=&#8221;2191&#8243; img_size=&#8221;400&#215;400&#8243; add_caption=&#8221;yes&#8221; alignment=&#8221;center&#8221;][\/vc_column][\/vc_row][vc_row][vc_column][vc_empty_space height=&#8221;50px&#8221;][vc_custom_heading text=&#8221;ENTREVISTA&#8221; google_fonts=&#8221;font_family:Lato%3A100%2C100italic%2C300%2C300italic%2Cregular%2Citalic%2C700%2C700italic%2C900%2C900italic|font_style:400%20regular%3A400%3Anormal&#8221;][vc_separator border_width=&#8221;5&#8243;][\/vc_column][\/vc_row][vc_row][vc_column width=&#8221;2\/3&#8243;][vc_column_text]\n<h3><em>Lapsus<\/em> Entrevista 2023<\/h3>\n<p>Ol\u00e1, Bernardino! Primeiramente, gostaria de agradecer a disponibilidade em participar desta entrevista para a <em>Lapsus<\/em> \u2013 esta revista do Instituto de Psican\u00e1lise da Bahia que h\u00e1 pouco mais de doze anos estava sendo pensada e idealizada por voc\u00ea. \u00c9 uma honra t\u00ea-lo nesta edi\u00e7\u00e3o da <em>Lapsus<\/em>.<\/p>\n<p>1) Gostaria de saber um pouco mais sobre esse in\u00edcio da <em>Lapsus<\/em>, o que voc\u00ea pretendia quando a lan\u00e7ou. Ao mesmo tempo, gostaria que voc\u00ea falasse um pouco sobre o lugar da escrita para voc\u00ea e como poder\u00edamos pensar o lugar do ato de escrever e publicar na forma\u00e7\u00e3o do analista.[\/vc_column_text][vc_btn title=&#8221;Leia mais&#8221; size=&#8221;xs&#8221; link=&#8221;url:https%3A%2F%2Fwww.institutopsicanalisebahia.com.br%2Flapsus%2F2023%2F10%2F14%2Flapsus-entrevista-2023%2F|title:Editorial%20Lapsus%20n%C2%BA017&#8243;][\/vc_column][vc_column width=&#8221;1\/3&#8243;][vc_single_image image=&#8221;2188&#8243; img_size=&#8221;400&#215;400&#8243; add_caption=&#8221;yes&#8221; alignment=&#8221;center&#8221;][\/vc_column][\/vc_row][vc_row][vc_column][vc_empty_space height=&#8221;50px&#8221;][vc_custom_heading text=&#8221;ECOS DA ENTREVISTA&#8221; google_fonts=&#8221;font_family:Lato%3A100%2C100italic%2C300%2C300italic%2Cregular%2Citalic%2C700%2C700italic%2C900%2C900italic|font_style:400%20regular%3A400%3Anormal&#8221;][vc_separator border_width=&#8221;5&#8243;][\/vc_column][\/vc_row][vc_row][vc_column width=&#8221;2\/3&#8243;][vc_column_text]\n<h3>A exposi\u00e7\u00e3o da escrita n\u00e3o \u00e9 sem coragem e amor<\/h3>\n<h6>Camila Abreu Costa &#8211; <em>Membro NPJ da EBP<\/em><\/h6>\n<p>Um ponto importante: \u201ctamb\u00e9m impulsei atividades nas quais os associados do Instituto foram os atores e respons\u00e1veis de suas atividades, assim como ter espa\u00e7os entre eles para debater e estudar, sendo o cartel o lugar privilegiado\u201d (Horne, 2023).<\/p>\n<p>Destaco esse ponto porque acho fundamental pensarmos em como n\u00f3s, associadas (os), podemos contribuir tanto com o Instituto de Psican\u00e1lise da Bahia (IPB-BA), quanto em nossa forma\u00e7\u00e3o como analistas. Penso que as duas coisas andam de m\u00e3os dadas. O IPB-BA me provoca e traz \u00e0 tona um significante muito primoroso que se chama \u201ccoragem\u201d.[\/vc_column_text][vc_btn title=&#8221;Leia mais&#8221; size=&#8221;xs&#8221; link=&#8221;url:https%3A%2F%2Fwww.institutopsicanalisebahia.com.br%2Flapsus%2F2023%2F10%2F14%2Fa-exposicao-da-escrita-nao-e-sem-coragem-e-amor%2F|title:Editorial%20Lapsus%20n%C2%BA017&#8243;][\/vc_column][vc_column width=&#8221;1\/3&#8243;][vc_single_image image=&#8221;2185&#8243; img_size=&#8221;400&#215;400&#8243; add_caption=&#8221;yes&#8221; alignment=&#8221;center&#8221;][\/vc_column][\/vc_row][vc_row][vc_column width=&#8221;2\/3&#8243;][vc_column_text]\n<h3>Do amor e do saber: amar o saber<\/h3>\n<h6>Jaine Porto &#8211; <em>Associada IPB<\/em><\/h6>\n<p>Na entrevista com Bernardino Horne para a Lapsus, edi\u00e7\u00e3o de 2023, \u00e9 tra\u00e7ada uma linha, ou melhor, analogicamente desenrolado um novelo, em torno das proposi\u00e7\u00f5es da organiza\u00e7\u00e3o da revista enquanto projeto embrion\u00e1rio &#8211; sendo importante aqui citar que foi lan\u00e7ada como alternativa para dar conta da dificuldade\/inibi\u00e7\u00e3o dos associados em escrever \u2013 na entrevista, \u00e9 colocado ainda, em jogo, as premissas e os direcionamentos que seguem at\u00e9 a presente edi\u00e7\u00e3o. A entrevista segue em resposta \u00e0 quest\u00e3o que perpassa o lugar da transfer\u00eancia entre Instituto e Escola colocado enquanto agalma do desejo do analista, dispondo algo da escrita e produ\u00e7\u00e3o, enquanto\u00a0condi\u00e7\u00e3o para a forma\u00e7\u00e3o do analista, at\u00e9 chegar ao tema da Jornada do IPB e da EBP \u2013 \u201cDesejo, mostra a tua cara\u201d, pensando o desejo a partir do \u00faltimo ensino de Lacan.[\/vc_column_text][vc_btn title=&#8221;Leia mais&#8221; size=&#8221;xs&#8221; link=&#8221;url:https%3A%2F%2Fwww.institutopsicanalisebahia.com.br%2Flapsus%2F2023%2F10%2F14%2Fdo-amor-e-do-saber-amar-o-saber%2F|title:Editorial%20Lapsus%20n%C2%BA017&#8243;][\/vc_column][vc_column width=&#8221;1\/3&#8243;][vc_single_image image=&#8221;2182&#8243; img_size=&#8221;400&#215;400&#8243; add_caption=&#8221;yes&#8221; alignment=&#8221;center&#8221;][\/vc_column][\/vc_row][vc_row][vc_column width=&#8221;2\/3&#8243;][vc_column_text]\n<h3>Fazer-se presente atrav\u00e9s da escrita<\/h3>\n<h6>J\u00falia Jones &#8211; <em>Associada IPB<\/em><\/h6>\n<p>H\u00e1 pouco tempo, tive um encontro com a express\u00e3o \u201ctrocar uma ideia\u201d, que para o dicion\u00e1rio informal significa: \u201c1. o mesmo que bater um papo com algu\u00e9m, conversar; 2. refere-se \u00e0 troca de ideias realizada por meio da intera\u00e7\u00e3o entre pessoas\u201d. Foi ap\u00f3s uma conversa com um amigo que entendi, no corpo, o significado dessa g\u00edria. Ao trocar uma ideia, minha cabe\u00e7a abriu. De repente, fui tomada por novas formas de pensar e de estar no mundo. Ali, naquele encontro, algo aconteceu de t\u00e3o extraordin\u00e1rio que deslizou para outras experi\u00eancias, como pude perceber com a leitura[\/vc_column_text][vc_btn title=&#8221;Leia mais&#8221; size=&#8221;xs&#8221; link=&#8221;url:https%3A%2F%2Fwww.institutopsicanalisebahia.com.br%2Flapsus%2F2023%2F10%2F14%2Ffazer-se-presente-atraves-da-escrita%2F|title:Editorial%20Lapsus%20n%C2%BA017&#8243;][\/vc_column][vc_column width=&#8221;1\/3&#8243;][vc_single_image image=&#8221;2179&#8243; img_size=&#8221;400&#215;400&#8243; add_caption=&#8221;yes&#8221; alignment=&#8221;center&#8221;][\/vc_column][\/vc_row][vc_row][vc_column width=&#8221;2\/3&#8243;][vc_column_text]\n<h3>A escrita, o que em cada um faz elo, entre Escola e Instituto<\/h3>\n<h6>Graziela Pires &#8211; <em>Associada ao IPB<\/em><\/h6>\n<p>No mergulho profundo do discurso anal\u00edtico, Bernardino Horne, figura destacada do Instituto de Psican\u00e1lise da Bahia e criador da revista <em>Lapsus<\/em>, revela uma perspic\u00e1cia \u00edmpar. A <em>Lapsus<\/em>, surgida como resposta \u00e0 car\u00eancia de uma plataforma que impulsionasse os associados a transpor a barreira da escrita, desvela-se como um caldeir\u00e3o onde a reflex\u00e3o e o debate encontram solo f\u00e9rtil.[\/vc_column_text][vc_btn title=&#8221;Leia mais&#8221; size=&#8221;xs&#8221; link=&#8221;url:https%3A%2F%2Fwww.institutopsicanalisebahia.com.br%2Flapsus%2F2023%2F10%2F14%2Fa-escrita-o-que-em-cada-um-faz-elo-entre-escola-e-instituto%2F|title:Editorial%20Lapsus%20n%C2%BA017&#8243;][\/vc_column][vc_column width=&#8221;1\/3&#8243;][vc_single_image image=&#8221;2176&#8243; img_size=&#8221;400&#215;400&#8243; add_caption=&#8221;yes&#8221; alignment=&#8221;center&#8221;][\/vc_column][\/vc_row]\n<\/section>","protected":false},"excerpt":{"rendered":"<p>[vc_row][vc_column][\/vc_column][\/vc_row][vc_row][vc_column][vc_empty_space height=&#8221;50px&#8221;][\/vc_column][\/vc_row][vc_row][vc_column][vc_single_image image=&#8221;2202&#8243; alignment=&#8221;center&#8221;][\/vc_column][\/vc_row][vc_row][vc_column][vc_custom_heading text=&#8221;EDITORIAL&#8221; google_fonts=&#8221;font_family:Lato%3A100%2C100italic%2C300%2C300italic%2Cregular%2Citalic%2C700%2C700italic%2C900%2C900italic|font_style:400%20regular%3A400%3Anormal&#8221;][vc_separator border_width=&#8221;5&#8243;][\/vc_column][\/vc_row][vc_row][vc_column width=&#8221;2\/3&#8243;][vc_column_text] \u201cLaps Interl\u00fadio\u201d Wilker Fran\u00e7a &#8211; Associado IPB \u201cQuando [&#8230;] o esp(a\u00e7o) de um laps(o) j\u00e1 n\u00e3o tem nenhum impacto de sentido (ou interpreta\u00e7\u00e3o), s\u00f3 ent\u00e3o temos certeza de estar no inconsciente.\u201d Lacan nos orienta, a partir dessa cita\u00e7\u00e3o, que o inconsciente real se apresenta nesse espa\u00e7o de&hellip;<\/p>\n","protected":false},"author":1,"featured_media":0,"parent":0,"menu_order":0,"comment_status":"closed","ping_status":"closed","template":"","meta":{"footnotes":""},"class_list":["post-2201","page","type-page","status-publish","hentry","entry","no-media"],"_links":{"self":[{"href":"https:\/\/www.institutopsicanalisebahia.com.br\/lapsus\/wp-json\/wp\/v2\/pages\/2201","targetHints":{"allow":["GET"]}}],"collection":[{"href":"https:\/\/www.institutopsicanalisebahia.com.br\/lapsus\/wp-json\/wp\/v2\/pages"}],"about":[{"href":"https:\/\/www.institutopsicanalisebahia.com.br\/lapsus\/wp-json\/wp\/v2\/types\/page"}],"author":[{"embeddable":true,"href":"https:\/\/www.institutopsicanalisebahia.com.br\/lapsus\/wp-json\/wp\/v2\/users\/1"}],"replies":[{"embeddable":true,"href":"https:\/\/www.institutopsicanalisebahia.com.br\/lapsus\/wp-json\/wp\/v2\/comments?post=2201"}],"version-history":[{"count":1,"href":"https:\/\/www.institutopsicanalisebahia.com.br\/lapsus\/wp-json\/wp\/v2\/pages\/2201\/revisions"}],"predecessor-version":[{"id":2203,"href":"https:\/\/www.institutopsicanalisebahia.com.br\/lapsus\/wp-json\/wp\/v2\/pages\/2201\/revisions\/2203"}],"wp:attachment":[{"href":"https:\/\/www.institutopsicanalisebahia.com.br\/lapsus\/wp-json\/wp\/v2\/media?parent=2201"}],"curies":[{"name":"wp","href":"https:\/\/api.w.org\/{rel}","templated":true}]}}