{"id":2254,"date":"2023-12-20T15:07:58","date_gmt":"2023-12-20T18:07:58","guid":{"rendered":"https:\/\/www.institutopsicanalisebahia.com.br\/lapsus\/?page_id=2254"},"modified":"2025-07-17T07:36:04","modified_gmt":"2025-07-17T10:36:04","slug":"edicao-no25","status":"publish","type":"page","link":"https:\/\/www.institutopsicanalisebahia.com.br\/lapsus\/edicao-no25\/","title":{"rendered":"Edi\u00e7\u00e3o n\u00ba25"},"content":{"rendered":"<section class=\"wpb-content-wrapper\">[vc_row][vc_column]\n\t\t\t<!-- START Main REVOLUTION SLIDER 6.6.14 --><p class=\"rs-p-wp-fix\"><\/p>\n\t\t\t<rs-module-wrap id=\"rev_slider_1_1_wrapper\" data-source=\"gallery\" style=\"visibility:hidden;background:#ffffff;padding:0;margin:0px auto;margin-top:0;margin-bottom:0;\">\n\t\t\t\t<rs-module id=\"rev_slider_1_1\" style=\"\" data-version=\"6.6.14\">\n\t\t\t\t\t<rs-slides style=\"overflow: hidden; position: absolute;\">\n\t\t\t\t\t\t<rs-slide style=\"position: absolute;\" data-key=\"rs-2\" data-title=\"EDI\u00c7\u00c3O ATUAL\" data-thumb=\"\/\/www.institutopsicanalisebahia.com.br\/lapsus\/wp-content\/uploads\/2025\/12\/imagem_banner-100x50.png\" data-anim=\"e:slidingoverlay;ms:2000;\" data-in=\"o:1;x:100%;\" data-out=\"a:false;\" data-alttrans=\"slidingoverlayvertical,boxfade\">\n\t\t\t\t\t\t\t<img decoding=\"async\" src=\"\/\/www.institutopsicanalisebahia.com.br\/lapsus\/wp-content\/plugins\/revslider\/public\/assets\/assets\/dummy.png\" alt=\"\" title=\"imagem_banner\" width=\"1920\" height=\"300\" class=\"rev-slidebg tp-rs-img rs-lazyload\" data-lazyload=\"\/\/www.institutopsicanalisebahia.com.br\/lapsus\/wp-content\/uploads\/2025\/12\/imagem_banner.png\" data-bg=\"p:left top;\" data-no-retina>\n<!--\n\t\t\t\t\t\t\t--><rs-layer\n\t\t\t\t\t\t\t\tid=\"slider-1-slide-2-layer-0\" \n\t\t\t\t\t\t\t\tdata-type=\"image\"\n\t\t\t\t\t\t\t\tdata-rsp_ch=\"on\"\n\t\t\t\t\t\t\t\tdata-xy=\"x:142px;y:37px;\"\n\t\t\t\t\t\t\t\tdata-text=\"w:normal;\"\n\t\t\t\t\t\t\t\tdata-dim=\"w:245px;h:91px;\"\n\t\t\t\t\t\t\t\tdata-frame_0=\"x:left;\"\n\t\t\t\t\t\t\t\tdata-frame_1=\"st:800;sp:1000;sR:800;\"\n\t\t\t\t\t\t\t\tdata-frame_999=\"o:0;st:w;sR:7200;\"\n\t\t\t\t\t\t\t\tstyle=\"z-index:12;\"\n\t\t\t\t\t\t\t><img decoding=\"async\" src=\"\/\/www.institutopsicanalisebahia.com.br\/lapsus\/wp-content\/plugins\/revslider\/public\/assets\/assets\/dummy.png\" alt=\"\" class=\"tp-rs-img rs-lazyload\" width=\"300\" height=\"111\" data-lazyload=\"\/\/www.institutopsicanalisebahia.com.br\/lapsus\/wp-content\/uploads\/2025\/12\/item_num_lapsus_026.jpg\" data-no-retina> \n\t\t\t\t\t\t\t<\/rs-layer><!--\n\n\t\t\t\t\t\t\t--><rs-layer\n\t\t\t\t\t\t\t\tid=\"slider-1-slide-2-layer-2\" \n\t\t\t\t\t\t\t\tclass=\"black\"\n\t\t\t\t\t\t\t\tdata-type=\"text\"\n\t\t\t\t\t\t\t\tdata-color=\"#ffffff\"\n\t\t\t\t\t\t\t\tdata-rsp_ch=\"on\"\n\t\t\t\t\t\t\t\tdata-xy=\"x:141px;y:168px;\"\n\t\t\t\t\t\t\t\tdata-text=\"fw:300;a:inherit;\"\n\t\t\t\t\t\t\t\tdata-frame_0=\"y:50px;\"\n\t\t\t\t\t\t\t\tdata-frame_1=\"st:1670;sp:1000;sR:1670;\"\n\t\t\t\t\t\t\t\tdata-frame_999=\"st:w;sR:6330;auto:true;\"\n\t\t\t\t\t\t\t\tstyle=\"z-index:5;font-family:'Raleway', 'Open Sans';\"\n\t\t\t\t\t\t\t>Fa\u00e7a o download do PDF na p\u00e1gina de \"n\u00famero atual\" \n\t\t\t\t\t\t\t<\/rs-layer><!--\n\n\t\t\t\t\t\t\t--><rs-layer\n\t\t\t\t\t\t\t\tid=\"slider-1-slide-2-layer-9\" \n\t\t\t\t\t\t\t\tclass=\"rev-btn\"\n\t\t\t\t\t\t\t\tdata-type=\"button\"\n\t\t\t\t\t\t\t\tdata-color=\"#ffffff\"\n\t\t\t\t\t\t\t\tdata-rsp_ch=\"on\"\n\t\t\t\t\t\t\t\tdata-xy=\"x:142px;y:224px;\"\n\t\t\t\t\t\t\t\tdata-text=\"w:normal;s:18;l:50;fw:500;\"\n\t\t\t\t\t\t\t\tdata-dim=\"minh:0px;\"\n\t\t\t\t\t\t\t\tdata-padding=\"r:40;l:40;\"\n\t\t\t\t\t\t\t\tdata-border=\"bor:3px,3px,3px,3px;\"\n\t\t\t\t\t\t\t\tdata-frame_0=\"y:bottom;\"\n\t\t\t\t\t\t\t\tdata-frame_1=\"st:2210;sp:1000;sR:2210;\"\n\t\t\t\t\t\t\t\tdata-frame_999=\"o:0;st:w;sR:5790;\"\n\t\t\t\t\t\t\t\tdata-frame_hover=\"bgc:#333;bor:3px,3px,3px,3px;sp:100;e:power1.inOut;bri:120%;\"\n\t\t\t\t\t\t\t\tstyle=\"z-index:13;background-color:#000000;font-family:'Roboto';\"\n\t\t\t\t\t\t\t>LEIA MAIS \n\t\t\t\t\t\t\t<\/rs-layer><!--\n\n\t\t\t\t\t\t\t--><rs-layer\n\t\t\t\t\t\t\t\tid=\"slider-1-slide-2-layer-12\" \n\t\t\t\t\t\t\t\tdata-type=\"image\"\n\t\t\t\t\t\t\t\tdata-rsp_ch=\"on\"\n\t\t\t\t\t\t\t\tdata-xy=\"x:711px;y:c;\"\n\t\t\t\t\t\t\t\tdata-text=\"l:22;a:inherit;\"\n\t\t\t\t\t\t\t\tdata-dim=\"w:184px;h:257px;\"\n\t\t\t\t\t\t\t\tdata-frame_0=\"y:top;\"\n\t\t\t\t\t\t\t\tdata-frame_1=\"st:1220;sp:1000;sR:1220;\"\n\t\t\t\t\t\t\t\tdata-frame_999=\"o:0;st:w;sR:6780;\"\n\t\t\t\t\t\t\t\tstyle=\"z-index:11;\"\n\t\t\t\t\t\t\t><img decoding=\"async\" src=\"\/\/www.institutopsicanalisebahia.com.br\/lapsus\/wp-content\/plugins\/revslider\/public\/assets\/assets\/dummy.png\" alt=\"\" class=\"tp-rs-img rs-lazyload\" width=\"1300\" height=\"1813\" data-lazyload=\"\/\/www.institutopsicanalisebahia.com.br\/lapsus\/wp-content\/uploads\/2025\/12\/CAPA-LAPSUS-026.png\" data-no-retina> \n\t\t\t\t\t\t\t<\/rs-layer><!--\n-->\t\t\t\t\t\t<\/rs-slide>\n\t\t\t\t\t\t<rs-slide style=\"position: absolute;\" data-key=\"rs-4\" data-title=\"BOLETIM LAPS\" data-in=\"o:0;\" data-out=\"a:false;\">\n\t\t\t\t\t\t\t<img decoding=\"async\" src=\"\/\/www.institutopsicanalisebahia.com.br\/lapsus\/wp-content\/plugins\/revslider\/public\/assets\/assets\/dummy.png\" alt=\"BOLETIM LAPS\" title=\"Edi\u00e7\u00e3o n\u00ba25\" class=\"rev-slidebg tp-rs-img rs-lazyload\" data-lazyload=\"\/\/www.institutopsicanalisebahia.com.br\/lapsus\/wp-content\/plugins\/revslider\/public\/assets\/assets\/transparent.png\" data-bg=\"c:#ffffff;\" data-no-retina>\n<!--\n\t\t\t\t\t\t\t--><rs-layer\n\t\t\t\t\t\t\t\tid=\"slider-1-slide-4-layer-6\" \n\t\t\t\t\t\t\t\tdata-type=\"image\"\n\t\t\t\t\t\t\t\tdata-rsp_ch=\"on\"\n\t\t\t\t\t\t\t\tdata-xy=\"x:r;y:c;\"\n\t\t\t\t\t\t\t\tdata-text=\"w:normal;\"\n\t\t\t\t\t\t\t\tdata-dim=\"w:213px;h:301px;\"\n\t\t\t\t\t\t\t\tdata-frame_0=\"x:right;\"\n\t\t\t\t\t\t\t\tdata-frame_1=\"st:740;sp:1000;sR:740;\"\n\t\t\t\t\t\t\t\tdata-frame_999=\"o:0;st:w;sR:7260;\"\n\t\t\t\t\t\t\t\tstyle=\"z-index:6;\"\n\t\t\t\t\t\t\t><img decoding=\"async\" src=\"\/\/www.institutopsicanalisebahia.com.br\/lapsus\/wp-content\/plugins\/revslider\/public\/assets\/assets\/dummy.png\" alt=\"\" class=\"tp-rs-img rs-lazyload\" width=\"1241\" height=\"1754\" data-lazyload=\"\/\/www.institutopsicanalisebahia.com.br\/lapsus\/wp-content\/uploads\/2025\/11\/LAPS_04_nov_2025-01.png\" data-no-retina> \n\t\t\t\t\t\t\t<\/rs-layer><!--\n\n\t\t\t\t\t\t\t--><rs-layer\n\t\t\t\t\t\t\t\tid=\"slider-1-slide-4-layer-7\" \n\t\t\t\t\t\t\t\tdata-type=\"image\"\n\t\t\t\t\t\t\t\tdata-rsp_ch=\"on\"\n\t\t\t\t\t\t\t\tdata-xy=\"y:c;\"\n\t\t\t\t\t\t\t\tdata-text=\"w:normal;\"\n\t\t\t\t\t\t\t\tdata-dim=\"w:373px;h:290px;\"\n\t\t\t\t\t\t\t\tdata-frame_0=\"x:left;\"\n\t\t\t\t\t\t\t\tdata-frame_1=\"st:1290;sp:1000;sR:1290;\"\n\t\t\t\t\t\t\t\tdata-frame_999=\"o:0;st:w;sR:6710;\"\n\t\t\t\t\t\t\t\tstyle=\"z-index:7;\"\n\t\t\t\t\t\t\t><img decoding=\"async\" src=\"\/\/www.institutopsicanalisebahia.com.br\/lapsus\/wp-content\/plugins\/revslider\/public\/assets\/assets\/dummy.png\" alt=\"\" class=\"tp-rs-img rs-lazyload\" width=\"612\" height=\"475\" data-lazyload=\"\/\/www.institutopsicanalisebahia.com.br\/lapsus\/wp-content\/uploads\/2025\/11\/LAPS_04_nov_2025-02.png\" data-no-retina> \n\t\t\t\t\t\t\t<\/rs-layer><!--\n\n\t\t\t\t\t\t\t--><a\n\t\t\t\t\t\t\t\tid=\"slider-1-slide-4-layer-8\" \n\t\t\t\t\t\t\t\tclass=\"rs-layer rev-btn\"\n\t\t\t\t\t\t\t\thref=\"http:\/\/www.institutopsicanalisebahia.com.br\/lapsus\/wp-content\/uploads\/2025\/11\/LAPS_04_nov_2025.pdf\" target=\"_self\"\n\t\t\t\t\t\t\t\tdata-type=\"button\"\n\t\t\t\t\t\t\t\tdata-color=\"#ffffff\"\n\t\t\t\t\t\t\t\tdata-rsp_ch=\"on\"\n\t\t\t\t\t\t\t\tdata-xy=\"x:407px;y:c;\"\n\t\t\t\t\t\t\t\tdata-text=\"w:normal;s:14;l:18;ls:1;\"\n\t\t\t\t\t\t\t\tdata-dim=\"minh:0px;\"\n\t\t\t\t\t\t\t\tdata-padding=\"t:10;r:30;b:10;l:30;\"\n\t\t\t\t\t\t\t\tdata-border=\"bor:30px,30px,30px,30px;\"\n\t\t\t\t\t\t\t\tdata-frame_1=\"st:2270;sR:2270;\"\n\t\t\t\t\t\t\t\tdata-frame_999=\"o:0;st:w;sR:6430;\"\n\t\t\t\t\t\t\t\tdata-frame_hover=\"c:#000;bgc:#fff;bor:30px,30px,30px,30px;sp:200;e:power1.inOut;\"\n\t\t\t\t\t\t\t\tstyle=\"z-index:8;background-color:rgba(0,0,0,0.75);font-family:'Roboto';text-transform:uppercase;\"\n\t\t\t\t\t\t\t>ACESSE   <i class=\"fa-chevron-right\"><\/i> \n\t\t\t\t\t\t\t<\/a><!--\n-->\t\t\t\t\t\t<\/rs-slide>\n\t\t\t\t\t\t<rs-slide style=\"position: absolute;\" data-key=\"rs-3\" data-title=\"Slide\" data-thumb=\"\/\/www.institutopsicanalisebahia.com.br\/lapsus\/wp-content\/uploads\/2019\/08\/Logo-Gray-Texture-Background-100x50.jpeg\" data-anim=\"ms:default,default,default;r:,0,0;\" data-in=\"y:(-100%);e:d,d;row:d,d,d;col:5;\" data-alttrans=\"boxfade,slotslide-horizontal\">\n\t\t\t\t\t\t\t<img decoding=\"async\" src=\"\/\/www.institutopsicanalisebahia.com.br\/lapsus\/wp-content\/plugins\/revslider\/public\/assets\/assets\/dummy.png\" alt=\"\" title=\"Edi\u00e7\u00e3o n\u00ba25\" class=\"rev-slidebg tp-rs-img rs-lazyload\" data-lazyload=\"\/\/www.institutopsicanalisebahia.com.br\/lapsus\/wp-content\/uploads\/2019\/08\/Logo-Gray-Texture-Background.jpeg\" data-bg=\"p:center top;\" data-no-retina>\n<!--\n\t\t\t\t\t\t\t--><rs-layer\n\t\t\t\t\t\t\t\tid=\"slider-1-slide-3-layer-2\" \n\t\t\t\t\t\t\t\tclass=\"largepinkbg\"\n\t\t\t\t\t\t\t\tdata-type=\"text\"\n\t\t\t\t\t\t\t\tdata-color=\"#fff\"\n\t\t\t\t\t\t\t\tdata-rsp_ch=\"on\"\n\t\t\t\t\t\t\t\tdata-xy=\"x:95px;y:c;yo:20px;\"\n\t\t\t\t\t\t\t\tdata-text=\"s:50;l:70;fw:300;a:inherit;\"\n\t\t\t\t\t\t\t\tdata-padding=\"t:10;r:10;b:10;l:10;\"\n\t\t\t\t\t\t\t\tdata-frame_0=\"tp:600;\"\n\t\t\t\t\t\t\t\tdata-frame_1=\"tp:600;st:810;sR:810;\"\n\t\t\t\t\t\t\t\tdata-frame_999=\"st:w;sR:7890;auto:true;\"\n\t\t\t\t\t\t\t\tstyle=\"z-index:5;background-color:rgba(219,67,96,1);font-family:'Raleway', 'Open Sans';position:absolute;text-shadow:none;-webkit-border-radius:0px;-moz-border-radius:0px;\"\n\t\t\t\t\t\t\t>Fa\u00e7a download do PDF \n\t\t\t\t\t\t\t<\/rs-layer><!--\n\n\t\t\t\t\t\t\t--><rs-layer\n\t\t\t\t\t\t\t\tid=\"slider-1-slide-3-layer-1\" \n\t\t\t\t\t\t\t\tclass=\"medium_bg_darkblue\"\n\t\t\t\t\t\t\t\tdata-type=\"text\"\n\t\t\t\t\t\t\t\tdata-color=\"#ffffff\"\n\t\t\t\t\t\t\t\tdata-rsp_ch=\"on\"\n\t\t\t\t\t\t\t\tdata-xy=\"x:77px;y:c;yo:-30px;\"\n\t\t\t\t\t\t\t\tdata-text=\"s:20;l:20;fw:800;a:inherit;\"\n\t\t\t\t\t\t\t\tdata-padding=\"t:10;r:10;b:10;l:10;\"\n\t\t\t\t\t\t\t\tdata-frame_0=\"tp:600;\"\n\t\t\t\t\t\t\t\tdata-frame_1=\"tp:600;st:500;sR:500;\"\n\t\t\t\t\t\t\t\tdata-frame_999=\"st:w;sR:8200;auto:true;\"\n\t\t\t\t\t\t\t\tstyle=\"z-index:6;background-color:rgba(52,73,94,0.81);font-family:'Raleway', 'Open Sans';\"\n\t\t\t\t\t\t\t>Os n\u00fameros anteriores est\u00e3o dispon\u00edveis! \n\t\t\t\t\t\t\t<\/rs-layer><!--\n\n\t\t\t\t\t\t\t--><rs-layer\n\t\t\t\t\t\t\t\tid=\"slider-1-slide-3-layer-3\" \n\t\t\t\t\t\t\t\tdata-type=\"image\"\n\t\t\t\t\t\t\t\tdata-rsp_ch=\"on\"\n\t\t\t\t\t\t\t\tdata-xy=\"x:658px;y:c;yo:5px;\"\n\t\t\t\t\t\t\t\tdata-text=\"l:22;a:inherit;\"\n\t\t\t\t\t\t\t\tdata-dim=\"w:141px;h:200px;\"\n\t\t\t\t\t\t\t\tdata-frame_0=\"x:right;o:1;tp:600;\"\n\t\t\t\t\t\t\t\tdata-frame_1=\"tp:600;st:1110;sR:1110;\"\n\t\t\t\t\t\t\t\tdata-frame_999=\"o:0;tp:600;st:w;sR:7590;\"\n\t\t\t\t\t\t\t\tstyle=\"z-index:7;\"\n\t\t\t\t\t\t\t><img decoding=\"async\" src=\"\/\/www.institutopsicanalisebahia.com.br\/lapsus\/wp-content\/plugins\/revslider\/public\/assets\/assets\/dummy.png\" alt=\"\" class=\"tp-rs-img rs-lazyload\" width=\"595\" height=\"842\" data-lazyload=\"\/\/www.institutopsicanalisebahia.com.br\/lapsus\/wp-content\/uploads\/2019\/08\/lapsus016-1.jpg\" data-no-retina> \n\t\t\t\t\t\t\t<\/rs-layer><!--\n\n\t\t\t\t\t\t\t--><rs-layer\n\t\t\t\t\t\t\t\tid=\"slider-1-slide-3-layer-4\" \n\t\t\t\t\t\t\t\tdata-type=\"image\"\n\t\t\t\t\t\t\t\tdata-rsp_ch=\"on\"\n\t\t\t\t\t\t\t\tdata-xy=\"x:725px;y:c;yo:17px;\"\n\t\t\t\t\t\t\t\tdata-text=\"l:22;a:inherit;\"\n\t\t\t\t\t\t\t\tdata-dim=\"w:141px;h:200px;\"\n\t\t\t\t\t\t\t\tdata-frame_0=\"x:right;o:1;tp:600;\"\n\t\t\t\t\t\t\t\tdata-frame_1=\"tp:600;st:1270;sR:1270;\"\n\t\t\t\t\t\t\t\tdata-frame_999=\"o:0;tp:600;st:w;sR:7430;\"\n\t\t\t\t\t\t\t\tstyle=\"z-index:8;\"\n\t\t\t\t\t\t\t><img decoding=\"async\" src=\"\/\/www.institutopsicanalisebahia.com.br\/lapsus\/wp-content\/plugins\/revslider\/public\/assets\/assets\/dummy.png\" alt=\"\" class=\"tp-rs-img rs-lazyload\" width=\"595\" height=\"842\" data-lazyload=\"\/\/www.institutopsicanalisebahia.com.br\/lapsus\/wp-content\/uploads\/2019\/08\/lapsus016-1.jpg\" data-no-retina> \n\t\t\t\t\t\t\t<\/rs-layer><!--\n\n\t\t\t\t\t\t\t--><rs-layer\n\t\t\t\t\t\t\t\tid=\"slider-1-slide-3-layer-5\" \n\t\t\t\t\t\t\t\tdata-type=\"image\"\n\t\t\t\t\t\t\t\tdata-rsp_ch=\"on\"\n\t\t\t\t\t\t\t\tdata-xy=\"x:811px;y:c;yo:26px;\"\n\t\t\t\t\t\t\t\tdata-text=\"l:22;a:inherit;\"\n\t\t\t\t\t\t\t\tdata-dim=\"w:141px;h:200px;\"\n\t\t\t\t\t\t\t\tdata-frame_0=\"x:right;o:1;tp:600;\"\n\t\t\t\t\t\t\t\tdata-frame_1=\"tp:600;st:1490;sR:1490;\"\n\t\t\t\t\t\t\t\tdata-frame_999=\"o:0;tp:600;st:w;sR:7210;\"\n\t\t\t\t\t\t\t\tstyle=\"z-index:9;\"\n\t\t\t\t\t\t\t><img decoding=\"async\" src=\"\/\/www.institutopsicanalisebahia.com.br\/lapsus\/wp-content\/plugins\/revslider\/public\/assets\/assets\/dummy.png\" alt=\"\" class=\"tp-rs-img rs-lazyload\" width=\"595\" height=\"842\" data-lazyload=\"\/\/www.institutopsicanalisebahia.com.br\/lapsus\/wp-content\/uploads\/2019\/08\/lapsus016-1.jpg\" data-no-retina> \n\t\t\t\t\t\t\t<\/rs-layer><!--\n-->\t\t\t\t\t\t<\/rs-slide>\n\t\t\t\t\t<\/rs-slides>\n\t\t\t\t<\/rs-module>\n\t\t\t\t<script>\n\t\t\t\t\tsetREVStartSize({c: 'rev_slider_1_1',rl:[1240,1024,778,480],el:[300],gw:[1060],gh:[300],type:'standard',justify:'',layout:'fullwidth',mh:\"0\"});if (window.RS_MODULES!==undefined && window.RS_MODULES.modules!==undefined && window.RS_MODULES.modules[\"revslider11\"]!==undefined) {window.RS_MODULES.modules[\"revslider11\"].once = false;window.revapi1 = undefined;if (window.RS_MODULES.checkMinimal!==undefined) window.RS_MODULES.checkMinimal()}\n\t\t\t\t<\/script>\n\t\t\t<\/rs-module-wrap>\n\t\t\t<!-- END REVOLUTION SLIDER -->\n[\/vc_column][\/vc_row][vc_row][vc_column][vc_empty_space height=&#8221;50px&#8221;][\/vc_column][\/vc_row][vc_row][vc_column][vc_single_image image=&#8221;2288&#8243; alignment=&#8221;center&#8221;][\/vc_column][\/vc_row][vc_row][vc_column][vc_separator border_width=&#8221;5&#8243;][\/vc_column][\/vc_row][vc_row][vc_column width=&#8221;2\/3&#8243;][vc_column_text]\n<h3><strong>Salvador, cidade que fala &#8211; Cidade-sujeito: fala e fura, repeti\u00e7\u00f5es e restos<\/strong><\/h3>\n<p>Liliane Sales<br \/>\nWilker Fran\u00e7a<\/p>\n<p>Seria poss\u00edvel pensar uma cidade-sujeito pass\u00edvel de interpreta\u00e7\u00e3o? Se, em \u201cProposi\u00e7\u00e3o de 9 de outubro de 1967 sobre o psicanalista da Escola\u201d, Lacan (2003) concebe a Escola como um sujeito do qual se espera um trabalho \u2013 atravessada por um furo e sustentada por uma l\u00f3gica n\u00e3o totalizante \u2013, poder\u00edamos perguntar: o que faria de uma cidade algo mais do que territ\u00f3rio ou gest\u00e3o? Que tipo de la\u00e7o, de atravessamento ou de desejo poderia fazer da cidade um sujeito capaz de responder, n\u00e3o como uma unidade fechada, mas como algo que se sustenta de uma divis\u00e3o e se abre ao real? N\u00e3o se trataria de pensar a cidade como uma estrutura pronta, mas como aquilo que se constitui a partir de seus furos, de seus sintomas e da posi\u00e7\u00e3o que os sujeitos a\u00ed tomam.[\/vc_column_text][vc_empty_space][vc_btn title=&#8221;Leia mais&#8221; size=&#8221;xs&#8221; link=&#8221;url:https%3A%2F%2Fwww.institutopsicanalisebahia.com.br%2Flapsus%2F2023%2F10%2F14%2Feditorial-laps-interludio%2F|title:Laps%20Interl%C3%BAdio%202&#8243;][\/vc_column][vc_column width=&#8221;1\/3&#8243;][vc_single_image image=&#8221;2275&#8243; img_size=&#8221;400&#215;400&#8243; add_caption=&#8221;yes&#8221; alignment=&#8221;center&#8221;][vc_empty_space][vc_btn title=&#8221;DOWNLOAD PDF&#8221; size=&#8221;xs&#8221; link=&#8221;url:http%3A%2F%2Fwww.institutopsicanalisebahia.com.br%2Flapsus%2Fwp-content%2Fuploads%2F2025%2F05%2FLAPS-INTERLUDIO-2.pdf|title:Laps%20Interl%C3%BAdio%202&#8243;][\/vc_column][\/vc_row]\n<\/section>","protected":false},"excerpt":{"rendered":"<p>[vc_row][vc_column][\/vc_column][\/vc_row][vc_row][vc_column][vc_empty_space height=&#8221;50px&#8221;][\/vc_column][\/vc_row][vc_row][vc_column][vc_single_image image=&#8221;2288&#8243; alignment=&#8221;center&#8221;][\/vc_column][\/vc_row][vc_row][vc_column][vc_separator border_width=&#8221;5&#8243;][\/vc_column][\/vc_row][vc_row][vc_column width=&#8221;2\/3&#8243;][vc_column_text] Salvador, cidade que fala &#8211; Cidade-sujeito: fala e fura, repeti\u00e7\u00f5es e restos Liliane Sales Wilker Fran\u00e7a Seria poss\u00edvel pensar uma cidade-sujeito pass\u00edvel de interpreta\u00e7\u00e3o? Se, em \u201cProposi\u00e7\u00e3o de 9 de outubro de 1967 sobre o psicanalista da Escola\u201d, Lacan (2003) concebe a Escola como um sujeito do qual se&hellip;<\/p>\n","protected":false},"author":1,"featured_media":0,"parent":0,"menu_order":0,"comment_status":"closed","ping_status":"closed","template":"","meta":{"footnotes":""},"class_list":["post-2254","page","type-page","status-publish","hentry","entry","no-media"],"_links":{"self":[{"href":"https:\/\/www.institutopsicanalisebahia.com.br\/lapsus\/wp-json\/wp\/v2\/pages\/2254","targetHints":{"allow":["GET"]}}],"collection":[{"href":"https:\/\/www.institutopsicanalisebahia.com.br\/lapsus\/wp-json\/wp\/v2\/pages"}],"about":[{"href":"https:\/\/www.institutopsicanalisebahia.com.br\/lapsus\/wp-json\/wp\/v2\/types\/page"}],"author":[{"embeddable":true,"href":"https:\/\/www.institutopsicanalisebahia.com.br\/lapsus\/wp-json\/wp\/v2\/users\/1"}],"replies":[{"embeddable":true,"href":"https:\/\/www.institutopsicanalisebahia.com.br\/lapsus\/wp-json\/wp\/v2\/comments?post=2254"}],"version-history":[{"count":7,"href":"https:\/\/www.institutopsicanalisebahia.com.br\/lapsus\/wp-json\/wp\/v2\/pages\/2254\/revisions"}],"predecessor-version":[{"id":2317,"href":"https:\/\/www.institutopsicanalisebahia.com.br\/lapsus\/wp-json\/wp\/v2\/pages\/2254\/revisions\/2317"}],"wp:attachment":[{"href":"https:\/\/www.institutopsicanalisebahia.com.br\/lapsus\/wp-json\/wp\/v2\/media?parent=2254"}],"curies":[{"name":"wp","href":"https:\/\/api.w.org\/{rel}","templated":true}]}}