{"id":2389,"date":"2025-12-18T06:18:55","date_gmt":"2025-12-18T09:18:55","guid":{"rendered":"https:\/\/www.institutopsicanalisebahia.com.br\/lapsus\/?page_id=2389"},"modified":"2025-12-18T08:42:50","modified_gmt":"2025-12-18T11:42:50","slug":"edicao-no26","status":"publish","type":"page","link":"https:\/\/www.institutopsicanalisebahia.com.br\/lapsus\/","title":{"rendered":"Edi\u00e7\u00e3o n\u00ba26"},"content":{"rendered":"<section class=\"wpb-content-wrapper\">[vc_row][vc_column]\n\t\t\t<!-- START Main REVOLUTION SLIDER 6.6.14 --><p class=\"rs-p-wp-fix\"><\/p>\n\t\t\t<rs-module-wrap id=\"rev_slider_1_1_wrapper\" data-source=\"gallery\" style=\"visibility:hidden;background:#ffffff;padding:0;margin:0px auto;margin-top:0;margin-bottom:0;\">\n\t\t\t\t<rs-module id=\"rev_slider_1_1\" style=\"\" data-version=\"6.6.14\">\n\t\t\t\t\t<rs-slides style=\"overflow: hidden; position: absolute;\">\n\t\t\t\t\t\t<rs-slide style=\"position: absolute;\" data-key=\"rs-2\" data-title=\"EDI\u00c7\u00c3O ATUAL\" data-thumb=\"\/\/www.institutopsicanalisebahia.com.br\/lapsus\/wp-content\/uploads\/2025\/12\/imagem_banner-100x50.png\" data-anim=\"e:slidingoverlay;ms:2000;\" data-in=\"o:1;x:100%;\" data-out=\"a:false;\" data-alttrans=\"slidingoverlayvertical,boxfade\">\n\t\t\t\t\t\t\t<img decoding=\"async\" src=\"\/\/www.institutopsicanalisebahia.com.br\/lapsus\/wp-content\/plugins\/revslider\/public\/assets\/assets\/dummy.png\" alt=\"\" title=\"imagem_banner\" width=\"1920\" height=\"300\" class=\"rev-slidebg tp-rs-img rs-lazyload\" data-lazyload=\"\/\/www.institutopsicanalisebahia.com.br\/lapsus\/wp-content\/uploads\/2025\/12\/imagem_banner.png\" data-bg=\"p:left top;\" data-no-retina>\n<!--\n\t\t\t\t\t\t\t--><rs-layer\n\t\t\t\t\t\t\t\tid=\"slider-1-slide-2-layer-0\" \n\t\t\t\t\t\t\t\tdata-type=\"image\"\n\t\t\t\t\t\t\t\tdata-rsp_ch=\"on\"\n\t\t\t\t\t\t\t\tdata-xy=\"x:142px;y:37px;\"\n\t\t\t\t\t\t\t\tdata-text=\"w:normal;\"\n\t\t\t\t\t\t\t\tdata-dim=\"w:245px;h:91px;\"\n\t\t\t\t\t\t\t\tdata-frame_0=\"x:left;\"\n\t\t\t\t\t\t\t\tdata-frame_1=\"st:800;sp:1000;sR:800;\"\n\t\t\t\t\t\t\t\tdata-frame_999=\"o:0;st:w;sR:7200;\"\n\t\t\t\t\t\t\t\tstyle=\"z-index:12;\"\n\t\t\t\t\t\t\t><img decoding=\"async\" src=\"\/\/www.institutopsicanalisebahia.com.br\/lapsus\/wp-content\/plugins\/revslider\/public\/assets\/assets\/dummy.png\" alt=\"\" class=\"tp-rs-img rs-lazyload\" width=\"300\" height=\"111\" data-lazyload=\"\/\/www.institutopsicanalisebahia.com.br\/lapsus\/wp-content\/uploads\/2025\/12\/item_num_lapsus_026.jpg\" data-no-retina> \n\t\t\t\t\t\t\t<\/rs-layer><!--\n\n\t\t\t\t\t\t\t--><rs-layer\n\t\t\t\t\t\t\t\tid=\"slider-1-slide-2-layer-2\" \n\t\t\t\t\t\t\t\tclass=\"black\"\n\t\t\t\t\t\t\t\tdata-type=\"text\"\n\t\t\t\t\t\t\t\tdata-color=\"#ffffff\"\n\t\t\t\t\t\t\t\tdata-rsp_ch=\"on\"\n\t\t\t\t\t\t\t\tdata-xy=\"x:141px;y:168px;\"\n\t\t\t\t\t\t\t\tdata-text=\"fw:300;a:inherit;\"\n\t\t\t\t\t\t\t\tdata-frame_0=\"y:50px;\"\n\t\t\t\t\t\t\t\tdata-frame_1=\"st:1670;sp:1000;sR:1670;\"\n\t\t\t\t\t\t\t\tdata-frame_999=\"st:w;sR:6330;auto:true;\"\n\t\t\t\t\t\t\t\tstyle=\"z-index:5;font-family:'Raleway', 'Open Sans';\"\n\t\t\t\t\t\t\t>Fa\u00e7a o download do PDF na p\u00e1gina de \"n\u00famero atual\" \n\t\t\t\t\t\t\t<\/rs-layer><!--\n\n\t\t\t\t\t\t\t--><rs-layer\n\t\t\t\t\t\t\t\tid=\"slider-1-slide-2-layer-9\" \n\t\t\t\t\t\t\t\tclass=\"rev-btn\"\n\t\t\t\t\t\t\t\tdata-type=\"button\"\n\t\t\t\t\t\t\t\tdata-color=\"#ffffff\"\n\t\t\t\t\t\t\t\tdata-rsp_ch=\"on\"\n\t\t\t\t\t\t\t\tdata-xy=\"x:142px;y:224px;\"\n\t\t\t\t\t\t\t\tdata-text=\"w:normal;s:18;l:50;fw:500;\"\n\t\t\t\t\t\t\t\tdata-dim=\"minh:0px;\"\n\t\t\t\t\t\t\t\tdata-padding=\"r:40;l:40;\"\n\t\t\t\t\t\t\t\tdata-border=\"bor:3px,3px,3px,3px;\"\n\t\t\t\t\t\t\t\tdata-frame_0=\"y:bottom;\"\n\t\t\t\t\t\t\t\tdata-frame_1=\"st:2210;sp:1000;sR:2210;\"\n\t\t\t\t\t\t\t\tdata-frame_999=\"o:0;st:w;sR:5790;\"\n\t\t\t\t\t\t\t\tdata-frame_hover=\"bgc:#333;bor:3px,3px,3px,3px;sp:100;e:power1.inOut;bri:120%;\"\n\t\t\t\t\t\t\t\tstyle=\"z-index:13;background-color:#000000;font-family:'Roboto';\"\n\t\t\t\t\t\t\t>LEIA MAIS \n\t\t\t\t\t\t\t<\/rs-layer><!--\n\n\t\t\t\t\t\t\t--><rs-layer\n\t\t\t\t\t\t\t\tid=\"slider-1-slide-2-layer-12\" \n\t\t\t\t\t\t\t\tdata-type=\"image\"\n\t\t\t\t\t\t\t\tdata-rsp_ch=\"on\"\n\t\t\t\t\t\t\t\tdata-xy=\"x:711px;y:c;\"\n\t\t\t\t\t\t\t\tdata-text=\"l:22;a:inherit;\"\n\t\t\t\t\t\t\t\tdata-dim=\"w:184px;h:257px;\"\n\t\t\t\t\t\t\t\tdata-frame_0=\"y:top;\"\n\t\t\t\t\t\t\t\tdata-frame_1=\"st:1220;sp:1000;sR:1220;\"\n\t\t\t\t\t\t\t\tdata-frame_999=\"o:0;st:w;sR:6780;\"\n\t\t\t\t\t\t\t\tstyle=\"z-index:11;\"\n\t\t\t\t\t\t\t><img decoding=\"async\" src=\"\/\/www.institutopsicanalisebahia.com.br\/lapsus\/wp-content\/plugins\/revslider\/public\/assets\/assets\/dummy.png\" alt=\"\" class=\"tp-rs-img rs-lazyload\" width=\"1300\" height=\"1813\" data-lazyload=\"\/\/www.institutopsicanalisebahia.com.br\/lapsus\/wp-content\/uploads\/2025\/12\/CAPA-LAPSUS-026.png\" data-no-retina> \n\t\t\t\t\t\t\t<\/rs-layer><!--\n-->\t\t\t\t\t\t<\/rs-slide>\n\t\t\t\t\t\t<rs-slide style=\"position: absolute;\" data-key=\"rs-4\" data-title=\"BOLETIM LAPS\" data-in=\"o:0;\" data-out=\"a:false;\">\n\t\t\t\t\t\t\t<img decoding=\"async\" src=\"\/\/www.institutopsicanalisebahia.com.br\/lapsus\/wp-content\/plugins\/revslider\/public\/assets\/assets\/dummy.png\" alt=\"BOLETIM LAPS\" title=\"Edi\u00e7\u00e3o n\u00ba26\" class=\"rev-slidebg tp-rs-img rs-lazyload\" data-lazyload=\"\/\/www.institutopsicanalisebahia.com.br\/lapsus\/wp-content\/plugins\/revslider\/public\/assets\/assets\/transparent.png\" data-bg=\"c:#ffffff;\" data-no-retina>\n<!--\n\t\t\t\t\t\t\t--><rs-layer\n\t\t\t\t\t\t\t\tid=\"slider-1-slide-4-layer-6\" \n\t\t\t\t\t\t\t\tdata-type=\"image\"\n\t\t\t\t\t\t\t\tdata-rsp_ch=\"on\"\n\t\t\t\t\t\t\t\tdata-xy=\"x:r;y:c;\"\n\t\t\t\t\t\t\t\tdata-text=\"w:normal;\"\n\t\t\t\t\t\t\t\tdata-dim=\"w:213px;h:301px;\"\n\t\t\t\t\t\t\t\tdata-frame_0=\"x:right;\"\n\t\t\t\t\t\t\t\tdata-frame_1=\"st:740;sp:1000;sR:740;\"\n\t\t\t\t\t\t\t\tdata-frame_999=\"o:0;st:w;sR:7260;\"\n\t\t\t\t\t\t\t\tstyle=\"z-index:6;\"\n\t\t\t\t\t\t\t><img decoding=\"async\" src=\"\/\/www.institutopsicanalisebahia.com.br\/lapsus\/wp-content\/plugins\/revslider\/public\/assets\/assets\/dummy.png\" alt=\"\" class=\"tp-rs-img rs-lazyload\" width=\"1241\" height=\"1754\" data-lazyload=\"\/\/www.institutopsicanalisebahia.com.br\/lapsus\/wp-content\/uploads\/2025\/11\/LAPS_04_nov_2025-01.png\" data-no-retina> \n\t\t\t\t\t\t\t<\/rs-layer><!--\n\n\t\t\t\t\t\t\t--><rs-layer\n\t\t\t\t\t\t\t\tid=\"slider-1-slide-4-layer-7\" \n\t\t\t\t\t\t\t\tdata-type=\"image\"\n\t\t\t\t\t\t\t\tdata-rsp_ch=\"on\"\n\t\t\t\t\t\t\t\tdata-xy=\"y:c;\"\n\t\t\t\t\t\t\t\tdata-text=\"w:normal;\"\n\t\t\t\t\t\t\t\tdata-dim=\"w:373px;h:290px;\"\n\t\t\t\t\t\t\t\tdata-frame_0=\"x:left;\"\n\t\t\t\t\t\t\t\tdata-frame_1=\"st:1290;sp:1000;sR:1290;\"\n\t\t\t\t\t\t\t\tdata-frame_999=\"o:0;st:w;sR:6710;\"\n\t\t\t\t\t\t\t\tstyle=\"z-index:7;\"\n\t\t\t\t\t\t\t><img decoding=\"async\" src=\"\/\/www.institutopsicanalisebahia.com.br\/lapsus\/wp-content\/plugins\/revslider\/public\/assets\/assets\/dummy.png\" alt=\"\" class=\"tp-rs-img rs-lazyload\" width=\"612\" height=\"475\" data-lazyload=\"\/\/www.institutopsicanalisebahia.com.br\/lapsus\/wp-content\/uploads\/2025\/11\/LAPS_04_nov_2025-02.png\" data-no-retina> \n\t\t\t\t\t\t\t<\/rs-layer><!--\n\n\t\t\t\t\t\t\t--><a\n\t\t\t\t\t\t\t\tid=\"slider-1-slide-4-layer-8\" \n\t\t\t\t\t\t\t\tclass=\"rs-layer rev-btn\"\n\t\t\t\t\t\t\t\thref=\"http:\/\/www.institutopsicanalisebahia.com.br\/lapsus\/wp-content\/uploads\/2025\/11\/LAPS_04_nov_2025.pdf\" target=\"_self\"\n\t\t\t\t\t\t\t\tdata-type=\"button\"\n\t\t\t\t\t\t\t\tdata-color=\"#ffffff\"\n\t\t\t\t\t\t\t\tdata-rsp_ch=\"on\"\n\t\t\t\t\t\t\t\tdata-xy=\"x:407px;y:c;\"\n\t\t\t\t\t\t\t\tdata-text=\"w:normal;s:14;l:18;ls:1;\"\n\t\t\t\t\t\t\t\tdata-dim=\"minh:0px;\"\n\t\t\t\t\t\t\t\tdata-padding=\"t:10;r:30;b:10;l:30;\"\n\t\t\t\t\t\t\t\tdata-border=\"bor:30px,30px,30px,30px;\"\n\t\t\t\t\t\t\t\tdata-frame_1=\"st:2270;sR:2270;\"\n\t\t\t\t\t\t\t\tdata-frame_999=\"o:0;st:w;sR:6430;\"\n\t\t\t\t\t\t\t\tdata-frame_hover=\"c:#000;bgc:#fff;bor:30px,30px,30px,30px;sp:200;e:power1.inOut;\"\n\t\t\t\t\t\t\t\tstyle=\"z-index:8;background-color:rgba(0,0,0,0.75);font-family:'Roboto';text-transform:uppercase;\"\n\t\t\t\t\t\t\t>ACESSE   <i class=\"fa-chevron-right\"><\/i> \n\t\t\t\t\t\t\t<\/a><!--\n-->\t\t\t\t\t\t<\/rs-slide>\n\t\t\t\t\t\t<rs-slide style=\"position: absolute;\" data-key=\"rs-3\" data-title=\"Slide\" data-thumb=\"\/\/www.institutopsicanalisebahia.com.br\/lapsus\/wp-content\/uploads\/2019\/08\/Logo-Gray-Texture-Background-100x50.jpeg\" data-anim=\"ms:default,default,default;r:,0,0;\" data-in=\"y:(-100%);e:d,d;row:d,d,d;col:5;\" data-alttrans=\"boxfade,slotslide-horizontal\">\n\t\t\t\t\t\t\t<img decoding=\"async\" src=\"\/\/www.institutopsicanalisebahia.com.br\/lapsus\/wp-content\/plugins\/revslider\/public\/assets\/assets\/dummy.png\" alt=\"\" title=\"Edi\u00e7\u00e3o n\u00ba26\" class=\"rev-slidebg tp-rs-img rs-lazyload\" data-lazyload=\"\/\/www.institutopsicanalisebahia.com.br\/lapsus\/wp-content\/uploads\/2019\/08\/Logo-Gray-Texture-Background.jpeg\" data-bg=\"p:center top;\" data-no-retina>\n<!--\n\t\t\t\t\t\t\t--><rs-layer\n\t\t\t\t\t\t\t\tid=\"slider-1-slide-3-layer-2\" \n\t\t\t\t\t\t\t\tclass=\"largepinkbg\"\n\t\t\t\t\t\t\t\tdata-type=\"text\"\n\t\t\t\t\t\t\t\tdata-color=\"#fff\"\n\t\t\t\t\t\t\t\tdata-rsp_ch=\"on\"\n\t\t\t\t\t\t\t\tdata-xy=\"x:95px;y:c;yo:20px;\"\n\t\t\t\t\t\t\t\tdata-text=\"s:50;l:70;fw:300;a:inherit;\"\n\t\t\t\t\t\t\t\tdata-padding=\"t:10;r:10;b:10;l:10;\"\n\t\t\t\t\t\t\t\tdata-frame_0=\"tp:600;\"\n\t\t\t\t\t\t\t\tdata-frame_1=\"tp:600;st:810;sR:810;\"\n\t\t\t\t\t\t\t\tdata-frame_999=\"st:w;sR:7890;auto:true;\"\n\t\t\t\t\t\t\t\tstyle=\"z-index:5;background-color:rgba(219,67,96,1);font-family:'Raleway', 'Open Sans';position:absolute;text-shadow:none;-webkit-border-radius:0px;-moz-border-radius:0px;\"\n\t\t\t\t\t\t\t>Fa\u00e7a download do PDF \n\t\t\t\t\t\t\t<\/rs-layer><!--\n\n\t\t\t\t\t\t\t--><rs-layer\n\t\t\t\t\t\t\t\tid=\"slider-1-slide-3-layer-1\" \n\t\t\t\t\t\t\t\tclass=\"medium_bg_darkblue\"\n\t\t\t\t\t\t\t\tdata-type=\"text\"\n\t\t\t\t\t\t\t\tdata-color=\"#ffffff\"\n\t\t\t\t\t\t\t\tdata-rsp_ch=\"on\"\n\t\t\t\t\t\t\t\tdata-xy=\"x:77px;y:c;yo:-30px;\"\n\t\t\t\t\t\t\t\tdata-text=\"s:20;l:20;fw:800;a:inherit;\"\n\t\t\t\t\t\t\t\tdata-padding=\"t:10;r:10;b:10;l:10;\"\n\t\t\t\t\t\t\t\tdata-frame_0=\"tp:600;\"\n\t\t\t\t\t\t\t\tdata-frame_1=\"tp:600;st:500;sR:500;\"\n\t\t\t\t\t\t\t\tdata-frame_999=\"st:w;sR:8200;auto:true;\"\n\t\t\t\t\t\t\t\tstyle=\"z-index:6;background-color:rgba(52,73,94,0.81);font-family:'Raleway', 'Open Sans';\"\n\t\t\t\t\t\t\t>Os n\u00fameros anteriores est\u00e3o dispon\u00edveis! \n\t\t\t\t\t\t\t<\/rs-layer><!--\n\n\t\t\t\t\t\t\t--><rs-layer\n\t\t\t\t\t\t\t\tid=\"slider-1-slide-3-layer-3\" \n\t\t\t\t\t\t\t\tdata-type=\"image\"\n\t\t\t\t\t\t\t\tdata-rsp_ch=\"on\"\n\t\t\t\t\t\t\t\tdata-xy=\"x:658px;y:c;yo:5px;\"\n\t\t\t\t\t\t\t\tdata-text=\"l:22;a:inherit;\"\n\t\t\t\t\t\t\t\tdata-dim=\"w:141px;h:200px;\"\n\t\t\t\t\t\t\t\tdata-frame_0=\"x:right;o:1;tp:600;\"\n\t\t\t\t\t\t\t\tdata-frame_1=\"tp:600;st:1110;sR:1110;\"\n\t\t\t\t\t\t\t\tdata-frame_999=\"o:0;tp:600;st:w;sR:7590;\"\n\t\t\t\t\t\t\t\tstyle=\"z-index:7;\"\n\t\t\t\t\t\t\t><img decoding=\"async\" src=\"\/\/www.institutopsicanalisebahia.com.br\/lapsus\/wp-content\/plugins\/revslider\/public\/assets\/assets\/dummy.png\" alt=\"\" class=\"tp-rs-img rs-lazyload\" width=\"595\" height=\"842\" data-lazyload=\"\/\/www.institutopsicanalisebahia.com.br\/lapsus\/wp-content\/uploads\/2019\/08\/lapsus016-1.jpg\" data-no-retina> \n\t\t\t\t\t\t\t<\/rs-layer><!--\n\n\t\t\t\t\t\t\t--><rs-layer\n\t\t\t\t\t\t\t\tid=\"slider-1-slide-3-layer-4\" \n\t\t\t\t\t\t\t\tdata-type=\"image\"\n\t\t\t\t\t\t\t\tdata-rsp_ch=\"on\"\n\t\t\t\t\t\t\t\tdata-xy=\"x:725px;y:c;yo:17px;\"\n\t\t\t\t\t\t\t\tdata-text=\"l:22;a:inherit;\"\n\t\t\t\t\t\t\t\tdata-dim=\"w:141px;h:200px;\"\n\t\t\t\t\t\t\t\tdata-frame_0=\"x:right;o:1;tp:600;\"\n\t\t\t\t\t\t\t\tdata-frame_1=\"tp:600;st:1270;sR:1270;\"\n\t\t\t\t\t\t\t\tdata-frame_999=\"o:0;tp:600;st:w;sR:7430;\"\n\t\t\t\t\t\t\t\tstyle=\"z-index:8;\"\n\t\t\t\t\t\t\t><img decoding=\"async\" src=\"\/\/www.institutopsicanalisebahia.com.br\/lapsus\/wp-content\/plugins\/revslider\/public\/assets\/assets\/dummy.png\" alt=\"\" class=\"tp-rs-img rs-lazyload\" width=\"595\" height=\"842\" data-lazyload=\"\/\/www.institutopsicanalisebahia.com.br\/lapsus\/wp-content\/uploads\/2019\/08\/lapsus016-1.jpg\" data-no-retina> \n\t\t\t\t\t\t\t<\/rs-layer><!--\n\n\t\t\t\t\t\t\t--><rs-layer\n\t\t\t\t\t\t\t\tid=\"slider-1-slide-3-layer-5\" \n\t\t\t\t\t\t\t\tdata-type=\"image\"\n\t\t\t\t\t\t\t\tdata-rsp_ch=\"on\"\n\t\t\t\t\t\t\t\tdata-xy=\"x:811px;y:c;yo:26px;\"\n\t\t\t\t\t\t\t\tdata-text=\"l:22;a:inherit;\"\n\t\t\t\t\t\t\t\tdata-dim=\"w:141px;h:200px;\"\n\t\t\t\t\t\t\t\tdata-frame_0=\"x:right;o:1;tp:600;\"\n\t\t\t\t\t\t\t\tdata-frame_1=\"tp:600;st:1490;sR:1490;\"\n\t\t\t\t\t\t\t\tdata-frame_999=\"o:0;tp:600;st:w;sR:7210;\"\n\t\t\t\t\t\t\t\tstyle=\"z-index:9;\"\n\t\t\t\t\t\t\t><img decoding=\"async\" src=\"\/\/www.institutopsicanalisebahia.com.br\/lapsus\/wp-content\/plugins\/revslider\/public\/assets\/assets\/dummy.png\" alt=\"\" class=\"tp-rs-img rs-lazyload\" width=\"595\" height=\"842\" data-lazyload=\"\/\/www.institutopsicanalisebahia.com.br\/lapsus\/wp-content\/uploads\/2019\/08\/lapsus016-1.jpg\" data-no-retina> \n\t\t\t\t\t\t\t<\/rs-layer><!--\n-->\t\t\t\t\t\t<\/rs-slide>\n\t\t\t\t\t<\/rs-slides>\n\t\t\t\t<\/rs-module>\n\t\t\t\t<script>\n\t\t\t\t\tsetREVStartSize({c: 'rev_slider_1_1',rl:[1240,1024,778,480],el:[300],gw:[1060],gh:[300],type:'standard',justify:'',layout:'fullwidth',mh:\"0\"});if (window.RS_MODULES!==undefined && window.RS_MODULES.modules!==undefined && window.RS_MODULES.modules[\"revslider11\"]!==undefined) {window.RS_MODULES.modules[\"revslider11\"].once = false;window.revapi1 = undefined;if (window.RS_MODULES.checkMinimal!==undefined) window.RS_MODULES.checkMinimal()}\n\t\t\t\t<\/script>\n\t\t\t<\/rs-module-wrap>\n\t\t\t<!-- END REVOLUTION SLIDER -->\n[vc_empty_space][\/vc_column][\/vc_row][vc_row][vc_column width=&#8221;2\/3&#8243;][vc_column_text]\n<h3>EDITORIAL<\/h3>\n<h3><img loading=\"lazy\" decoding=\"async\" class=\"alignnone wp-image-2400 size-full\" src=\"http:\/\/www.institutopsicanalisebahia.com.br\/lapsus\/wp-content\/uploads\/2025\/12\/001.png\" alt=\"\" width=\"1000\" height=\"300\" srcset=\"https:\/\/www.institutopsicanalisebahia.com.br\/lapsus\/wp-content\/uploads\/2025\/12\/001.png 1000w, https:\/\/www.institutopsicanalisebahia.com.br\/lapsus\/wp-content\/uploads\/2025\/12\/001-300x90.png 300w, https:\/\/www.institutopsicanalisebahia.com.br\/lapsus\/wp-content\/uploads\/2025\/12\/001-768x230.png 768w\" sizes=\"auto, (max-width: 1000px) 100vw, 1000px\" \/><\/h3>\n<p><a href=\"https:\/\/www.institutopsicanalisebahia.com.br\/lapsus\/2025\/12\/18\/editorial-lapsus-no26\/\">Pablo Sauce<\/a><\/p>\n<hr \/>\n<h3>TEXTOS GERAIS<\/h3>\n<p><a href=\"https:\/\/www.institutopsicanalisebahia.com.br\/lapsus\/2025\/12\/18\/o-que-fazer-com-esse-corpo\/\"><img loading=\"lazy\" decoding=\"async\" class=\"alignnone size-full wp-image-2401\" src=\"http:\/\/www.institutopsicanalisebahia.com.br\/lapsus\/wp-content\/uploads\/2025\/12\/002.png\" alt=\"\" width=\"1000\" height=\"300\" srcset=\"https:\/\/www.institutopsicanalisebahia.com.br\/lapsus\/wp-content\/uploads\/2025\/12\/002.png 1000w, https:\/\/www.institutopsicanalisebahia.com.br\/lapsus\/wp-content\/uploads\/2025\/12\/002-300x90.png 300w, https:\/\/www.institutopsicanalisebahia.com.br\/lapsus\/wp-content\/uploads\/2025\/12\/002-768x230.png 768w\" sizes=\"auto, (max-width: 1000px) 100vw, 1000px\" \/><\/a><\/p>\n<p><a href=\"https:\/\/www.institutopsicanalisebahia.com.br\/lapsus\/2025\/12\/18\/o-que-fazer-com-esse-corpo\/\">O que fazer com esse corpo? | Beatriz de Souza Silva<\/a><\/p>\n<p><a href=\"https:\/\/www.institutopsicanalisebahia.com.br\/lapsus\/2025\/12\/18\/efeito-de-poesia\/\">Efeito de poesia | Eucy de Mello<\/a><\/p>\n<p><a href=\"https:\/\/www.institutopsicanalisebahia.com.br\/lapsus\/2025\/12\/18\/um-psicanalista-em-sala-de-aula-psicanalise-pedagogia-e-educacao\/\">Um psicanalista em sala de aula: psican\u00e1lise, pedagogia e educa\u00e7\u00e3o | Karynna N\u00f3brega<\/a><\/p>\n<p><a href=\"https:\/\/www.institutopsicanalisebahia.com.br\/lapsus\/2025\/12\/18\/arriscagem-rasura-de-uma-praticante-de-psicanalise\/\">Arriscagem: rasura de uma praticante de psican\u00e1lise | Lara Cedraz Carneiro<\/a><\/p>\n<p><a href=\"https:\/\/www.institutopsicanalisebahia.com.br\/lapsus\/2025\/12\/18\/a-desrealizacao-de-freud-na-acropole\/\">A desrealiza\u00e7\u00e3o de Freud na Acr\u00f3pole | Leandro Borges<\/a><\/p>\n<p><a href=\"https:\/\/www.institutopsicanalisebahia.com.br\/lapsus\/2025\/12\/18\/um-detalhe-uma-ferida-aproximacoes-ao-ato-analitico\/\">Um detalhe, uma ferida &#8211; aproxima\u00e7\u00f5es ao ato anal\u00edtico | Leila Mignac<\/a><\/p>\n<p><a href=\"https:\/\/www.institutopsicanalisebahia.com.br\/lapsus\/2025\/12\/18\/a-voz-da-musica-como-escuta-do-indizivel\/\">A voz da m\u00fasica como escuta do indiz\u00edvel | Liliane Sales<\/a><\/p>\n<p><a href=\"https:\/\/www.institutopsicanalisebahia.com.br\/lapsus\/2025\/12\/18\/do-excesso-e-suas-bordas-o-manejo-do-gozo-na-contemporaneidade\/\">Do excesso e suas bordas: o manejo do gozo na contemporaneidade | Ligia Amorim<\/a><\/p>\n<p><a href=\"https:\/\/www.institutopsicanalisebahia.com.br\/lapsus\/2025\/12\/18\/a-dor-que-escreve-melancolia-e-o-heroi-byroniano\/\">A dor que escreve: melancolia e o her\u00f3i byroniano | Lucas Antunes Santos Vilas Boas<\/a><\/p>\n<p><a href=\"https:\/\/www.institutopsicanalisebahia.com.br\/lapsus\/2025\/12\/18\/um-enlace-com-a-arte-popular\/\">Um enlace com a arte popular | Ma\u00edra Valente de Souza<\/a><\/p>\n<p><a href=\"https:\/\/www.institutopsicanalisebahia.com.br\/lapsus\/2025\/12\/18\/o-que-se-diz-quando-se-ri-o-chiste-em-freud-lacan-e-o-inconsciente\/\">O que se diz quando se ri: o chiste em Freud, Lacan e o inconsciente | Priscila de Jesus Lima<\/a><\/p>\n<p><a href=\"https:\/\/www.institutopsicanalisebahia.com.br\/lapsus\/2025\/12\/18\/um-vasio-destino-ao-feminino\/\">Um \u201cvasio\u201d destino ao feminino | Raphael S\u00e1 Barreto Gadelha e L\u00eada Lessa Andrade Filha<\/a><\/p>\n<p><a href=\"https:\/\/www.institutopsicanalisebahia.com.br\/lapsus\/2025\/12\/18\/a-questao-do-outro-nas-novas-formas-de-sintoma\/\">A quest\u00e3o do Outro nas novas formas de sintoma | Rog\u00e9rio de Andrade Barros<\/a><\/p>\n<p><a href=\"https:\/\/www.institutopsicanalisebahia.com.br\/lapsus\/2025\/12\/18\/do-outro-como-parceiro-sexual-em-dias-de-abandono-de-elena-ferrante\/\">Do Outro como parceiro sexual em Dias de abandono, de Elena Ferrante | Rog\u00e9rio Paes Henriques<\/a><\/p>\n<p><a href=\"https:\/\/www.institutopsicanalisebahia.com.br\/lapsus\/2025\/12\/18\/clarice-no-litoral-pegar-a-palavra-com-a-mao-e-voltar-com-as-maos-vazias\/\">Clarice no litoral: pegar a palavra com a m\u00e3o e voltar com as m\u00e3os vazias | Wilker Fran\u00e7a<\/a><\/p>\n<hr \/>\n<h3>LAN\u00c7AMENTO DO LIVRO: &#8220;O QUE \u00c9 SER HOMEM?&#8221;<\/h3>\n<p><img loading=\"lazy\" decoding=\"async\" class=\"alignnone size-full wp-image-2402\" src=\"http:\/\/www.institutopsicanalisebahia.com.br\/lapsus\/wp-content\/uploads\/2025\/12\/003.png\" alt=\"\" width=\"1000\" height=\"186\" srcset=\"https:\/\/www.institutopsicanalisebahia.com.br\/lapsus\/wp-content\/uploads\/2025\/12\/003.png 1000w, https:\/\/www.institutopsicanalisebahia.com.br\/lapsus\/wp-content\/uploads\/2025\/12\/003-300x56.png 300w, https:\/\/www.institutopsicanalisebahia.com.br\/lapsus\/wp-content\/uploads\/2025\/12\/003-768x143.png 768w\" sizes=\"auto, (max-width: 1000px) 100vw, 1000px\" \/><\/p>\n<p><a href=\"https:\/\/www.institutopsicanalisebahia.com.br\/lapsus\/2025\/12\/18\/leda-guimaraes-e-seu-punhal-afiado\/\">L\u00eada Guimar\u00e3es e seu punhal afiado | Liliane Sales<\/a><\/p>\n<p><a href=\"https:\/\/www.institutopsicanalisebahia.com.br\/lapsus\/2025\/12\/18\/apresentacao-do-livro-o-que-e-ser-homem-que-significa-ser-un-hombre-de-leda-guimaraes\/\">Apresenta\u00e7\u00e3o do livro O que \u00e9 ser homem? (\u00bfQu\u00e9 significa ser un hombre?), de L\u00eada Guimar\u00e3es | Luis Dar\u00edo Salamone<\/a><\/p>\n<p><a href=\"https:\/\/www.institutopsicanalisebahia.com.br\/lapsus\/2025\/12\/18\/a-escrita-viva-de-leda-sobre-o-enigma-e-o-segredo-do-masculino\/\">A escrita viva de L\u00eada sobre o enigma e o segredo do masculino | Nieves Soria<\/a><\/p>\n<p><a href=\"https:\/\/www.institutopsicanalisebahia.com.br\/lapsus\/2025\/12\/18\/lenda-letra-desejo-e-amor\/\">L\u00ea(n)da: letra, desejo e amor | Raquel Matias<\/a><\/p>\n<hr \/>\n<h3>DISCIPLINA DO COMENT\u00c1RIO<\/h3>\n<p><img loading=\"lazy\" decoding=\"async\" class=\"alignnone size-full wp-image-2403\" src=\"http:\/\/www.institutopsicanalisebahia.com.br\/lapsus\/wp-content\/uploads\/2025\/12\/004.png\" alt=\"\" width=\"1000\" height=\"300\" srcset=\"https:\/\/www.institutopsicanalisebahia.com.br\/lapsus\/wp-content\/uploads\/2025\/12\/004.png 1000w, https:\/\/www.institutopsicanalisebahia.com.br\/lapsus\/wp-content\/uploads\/2025\/12\/004-300x90.png 300w, https:\/\/www.institutopsicanalisebahia.com.br\/lapsus\/wp-content\/uploads\/2025\/12\/004-768x230.png 768w\" sizes=\"auto, (max-width: 1000px) 100vw, 1000px\" \/><\/p>\n<p><a href=\"https:\/\/www.institutopsicanalisebahia.com.br\/lapsus\/2025\/12\/18\/nao-ha-formacao-analitica-entao-o-que-ha\/\">N\u00e3o h\u00e1 forma\u00e7\u00e3o anal\u00edtica. Ent\u00e3o, o que h\u00e1? | Nelson Matheus Silva<\/a><\/p>\n<p><a href=\"https:\/\/www.institutopsicanalisebahia.com.br\/lapsus\/2025\/12\/18\/de-objeto-amado-a-dessexualizado-uma-crise-no-laco\/\">De objeto amado a dessexualizado, uma crise no la\u00e7o | Graziela Vasconcelos<\/a>[\/vc_column_text][\/vc_column][vc_column width=&#8221;1\/3&#8243; css=&#8221;.vc_custom_1566129307889{background-color: #f4f4f4 !important;}&#8221;][vc_empty_space][vc_single_image image=&#8221;2390&#8243; img_size=&#8221;150&#215;212&#8243; alignment=&#8221;center&#8221; onclick=&#8221;link_image&#8221;][vc_empty_space][vc_btn title=&#8221;Download&#8221; color=&#8221;black&#8221; size=&#8221;xs&#8221; align=&#8221;center&#8221; i_icon_fontawesome=&#8221;far fa-file-pdf&#8221; add_icon=&#8221;true&#8221; link=&#8221;url:http%3A%2F%2Fwww.institutopsicanalisebahia.com.br%2Flapsus%2Fwp-content%2Fuploads%2F2025%2F12%2FLAPSUS-26.pdf&#8221;][vc_column_text]\n<h6 style=\"text-align: center;\">Lapsus, n. 26, dez., ano 2025<\/h6>\n[\/vc_column_text][vc_empty_space][\/vc_column][\/vc_row]\n<\/section>","protected":false},"excerpt":{"rendered":"<p>[vc_row][vc_column][vc_empty_space][\/vc_column][\/vc_row][vc_row][vc_column width=&#8221;2\/3&#8243;][vc_column_text] EDITORIAL Pablo Sauce TEXTOS GERAIS O que fazer com esse corpo? | Beatriz de Souza Silva Efeito de poesia | Eucy de Mello Um psicanalista em sala de aula: psican\u00e1lise, pedagogia e educa\u00e7\u00e3o | Karynna N\u00f3brega Arriscagem: rasura de uma praticante de psican\u00e1lise | Lara Cedraz Carneiro A desrealiza\u00e7\u00e3o de Freud na Acr\u00f3pole&hellip;<\/p>\n","protected":false},"author":1,"featured_media":0,"parent":0,"menu_order":0,"comment_status":"closed","ping_status":"closed","template":"","meta":{"footnotes":""},"class_list":["post-2389","page","type-page","status-publish","hentry","entry","no-media"],"_links":{"self":[{"href":"https:\/\/www.institutopsicanalisebahia.com.br\/lapsus\/wp-json\/wp\/v2\/pages\/2389","targetHints":{"allow":["GET"]}}],"collection":[{"href":"https:\/\/www.institutopsicanalisebahia.com.br\/lapsus\/wp-json\/wp\/v2\/pages"}],"about":[{"href":"https:\/\/www.institutopsicanalisebahia.com.br\/lapsus\/wp-json\/wp\/v2\/types\/page"}],"author":[{"embeddable":true,"href":"https:\/\/www.institutopsicanalisebahia.com.br\/lapsus\/wp-json\/wp\/v2\/users\/1"}],"replies":[{"embeddable":true,"href":"https:\/\/www.institutopsicanalisebahia.com.br\/lapsus\/wp-json\/wp\/v2\/comments?post=2389"}],"version-history":[{"count":9,"href":"https:\/\/www.institutopsicanalisebahia.com.br\/lapsus\/wp-json\/wp\/v2\/pages\/2389\/revisions"}],"predecessor-version":[{"id":2407,"href":"https:\/\/www.institutopsicanalisebahia.com.br\/lapsus\/wp-json\/wp\/v2\/pages\/2389\/revisions\/2407"}],"wp:attachment":[{"href":"https:\/\/www.institutopsicanalisebahia.com.br\/lapsus\/wp-json\/wp\/v2\/media?parent=2389"}],"curies":[{"name":"wp","href":"https:\/\/api.w.org\/{rel}","templated":true}]}}